{"id":2055,"date":"2019-11-21T13:15:10","date_gmt":"2019-11-21T12:15:10","guid":{"rendered":"http:\/\/12a27c8b.ngrok.io\/benton\/?page_id=2055"},"modified":"2021-03-30T11:21:32","modified_gmt":"2021-03-30T10:21:32","slug":"bosendorfer","status":"publish","type":"page","link":"https:\/\/benton.si\/en\/bosendorfer\/","title":{"rendered":"B\u00f6sendorfer Pianos"},"content":{"rendered":"<div id=\"pl-2055\"  class=\"panel-layout\" ><div id=\"pg-2055-0\"  class=\"panel-grid panel-no-style\" ><div id=\"pgc-2055-0-0\"  class=\"panel-grid-cell\" ><div id=\"panel-2055-0-0-0\" class=\"so-panel widget widget_media_image panel-first-child panel-last-child\" data-index=\"0\" ><img loading=\"lazy\" decoding=\"async\" width=\"1280\" height=\"533\" src=\"https:\/\/benton.si\/wp-content\/uploads\/2019\/12\/BOSENDORFER.jpg\" class=\"image wp-image-2950  attachment-full size-full\" alt=\"\" style=\"max-width: 100%; height: auto;\" srcset=\"https:\/\/benton.si\/wp-content\/uploads\/2019\/12\/BOSENDORFER.jpg 1280w, https:\/\/benton.si\/wp-content\/uploads\/2019\/12\/BOSENDORFER-300x125.jpg 300w, https:\/\/benton.si\/wp-content\/uploads\/2019\/12\/BOSENDORFER-1024x426.jpg 1024w, https:\/\/benton.si\/wp-content\/uploads\/2019\/12\/BOSENDORFER-768x320.jpg 768w, https:\/\/benton.si\/wp-content\/uploads\/2019\/12\/BOSENDORFER-600x250.jpg 600w\" sizes=\"auto, (max-width: 1280px) 100vw, 1280px\" \/><\/div><\/div><\/div><div id=\"pg-2055-1\"  class=\"panel-grid panel-no-style\" ><div id=\"pgc-2055-1-0\"  class=\"panel-grid-cell\" ><div id=\"panel-2055-1-0-0\" class=\"so-panel widget widget_text panel-first-child panel-last-child\" data-index=\"1\" >\t\t\t<div class=\"textwidget\"><h1>B\u00f6sendorfer<\/h1>\n<\/div>\n\t\t<\/div><\/div><\/div><div id=\"pg-2055-2\"  class=\"panel-grid panel-no-style\" ><div id=\"pgc-2055-2-0\"  class=\"panel-grid-cell\" ><div id=\"panel-2055-2-0-0\" class=\"so-panel widget widget_text panel-first-child panel-last-child\" data-index=\"2\" >\t\t\t<div class=\"textwidget\"><p>The ethos of B\u00f6sendorfer goes right back to 1828 and the very beginnings of our company. Our founder Ignaz B\u00f6sendorfer was convinced that a piano should not only satisfy on a mechanical level but inspire artists as well as the audience, exhilarating to listen to. All B\u00f6sendorfer instruments are manufactured exclusively in Austria, Wiener Neustadt, and combine three important elements: uncompromising, traditional handcrafting, beauty and the Viennese soul. There is no standard B\u00f6sendorfer and the moment you meet yours, you will recognise your B\u00f6sendorfer is and will always be one thing: unique.<\/p>\n<p>Today B\u00f6sendorfer is the oldest manufacturer within the premium segment world-wide. For close to two centuries our B\u00f6sendorfer Artisans have been crafting your B\u00f6sendorfer Grands, continuously refining and developing knowledge and experience. Passed on by generations.<\/p>\n<\/div>\n\t\t<\/div><\/div><div id=\"pgc-2055-2-1\"  class=\"panel-grid-cell\" ><div id=\"panel-2055-2-1-0\" class=\"so-panel widget widget_sow-image panel-first-child panel-last-child\" data-index=\"3\" ><div class=\"logotipi-podstran panel-widget-style panel-widget-style-for-2055-2-1-0\" ><div class=\"so-widget-sow-image so-widget-sow-image-default-d6014b76747a\">\n\n<div class=\"sow-image-container\">\n<a href=\"https:\/\/www.boesendorfer.com\/en\" target=\"_blank\" rel=\"noopener noreferrer\" >\t<img loading=\"lazy\" decoding=\"async\" src=\"https:\/\/benton.si\/wp-content\/uploads\/2019\/12\/logotipi_BOSENDORFER.jpg\" width=\"600\" height=\"250\" srcset=\"https:\/\/benton.si\/wp-content\/uploads\/2019\/12\/logotipi_BOSENDORFER.jpg 600w, https:\/\/benton.si\/wp-content\/uploads\/2019\/12\/logotipi_BOSENDORFER-300x125.jpg 300w\" sizes=\"auto, (max-width: 600px) 100vw, 600px\" alt=\"\" \t\tclass=\"so-widget-image\"\/>\n<\/a><\/div>\n\n<\/div><\/div><\/div><\/div><\/div><\/div>","protected":false},"excerpt":{"rendered":"<p>B\u00f6sendorfer<\/p>\n","protected":false},"author":1,"featured_media":0,"parent":0,"menu_order":0,"comment_status":"closed","ping_status":"closed","template":"","meta":{"inline_featured_image":false,"footnotes":""},"class_list":["post-2055","page","type-page","status-publish","hentry","post"],"aioseo_notices":[],"_links":{"self":[{"href":"https:\/\/benton.si\/en\/wp-json\/wp\/v2\/pages\/2055","targetHints":{"allow":["GET"]}}],"collection":[{"href":"https:\/\/benton.si\/en\/wp-json\/wp\/v2\/pages"}],"about":[{"href":"https:\/\/benton.si\/en\/wp-json\/wp\/v2\/types\/page"}],"author":[{"embeddable":true,"href":"https:\/\/benton.si\/en\/wp-json\/wp\/v2\/users\/1"}],"replies":[{"embeddable":true,"href":"https:\/\/benton.si\/en\/wp-json\/wp\/v2\/comments?post=2055"}],"version-history":[{"count":2,"href":"https:\/\/benton.si\/en\/wp-json\/wp\/v2\/pages\/2055\/revisions"}],"predecessor-version":[{"id":6980,"href":"https:\/\/benton.si\/en\/wp-json\/wp\/v2\/pages\/2055\/revisions\/6980"}],"wp:attachment":[{"href":"https:\/\/benton.si\/en\/wp-json\/wp\/v2\/media?parent=2055"}],"curies":[{"name":"wp","href":"https:\/\/api.w.org\/{rel}","templated":true}]}}