{"id":2274,"date":"2019-11-26T13:44:37","date_gmt":"2019-11-26T12:44:37","guid":{"rendered":"http:\/\/3030287f.ngrok.io\/benton\/?page_id=2274"},"modified":"2020-06-18T08:19:58","modified_gmt":"2020-06-18T07:19:58","slug":"about-company","status":"publish","type":"page","link":"https:\/\/benton.si\/en\/about-company\/","title":{"rendered":"About company"},"content":{"rendered":"<div id=\"pl-2274\"  class=\"panel-layout\" ><div id=\"pg-2274-0\"  class=\"panel-grid panel-no-style\" ><div id=\"pgc-2274-0-0\"  class=\"panel-grid-cell\" ><div id=\"panel-2274-0-0-0\" class=\"so-panel widget widget_text panel-first-child panel-last-child\" data-index=\"0\" >\t\t\t<div class=\"textwidget\"><p>The Benton Piano Salon is a family-owned company with a long tradition in the Slovenian market.<br \/>\nFollowing his father, Andrej Benda, who used to make church organs, Joseph Benda, founder at Benton, continues the tradition.<\/p>\n<p>The company was established by Ivanka and Jo\u017eef Benda in 1990. Recently their son Matic joined the company, who is currently refining his knowledge and learning tuning techniques.<\/p>\n<p>We started with a small shop of 30 m\u00b2 and the workshop in the nearby city, where we could fix the pianos.<br \/>\nHigh quality pianos, competitive prices and quality services have <span class=\"tlid-translation translation\" lang=\"en\"><span class=\"\" title=\"\">gained us the trust of many satisfied customers<\/span><\/span>.<\/p>\n<\/div>\n\t\t<\/div><\/div><div id=\"pgc-2274-0-1\"  class=\"panel-grid-cell\" ><div id=\"panel-2274-0-1-0\" class=\"widget_text so-panel widget widget_custom_html panel-first-child panel-last-child\" data-index=\"1\" ><div class=\"textwidget custom-html-widget\"><iframe loading=\"lazy\" width=\"370\" height=\"225\" src=\"https:\/\/www.youtube.com\/embed\/yv4qzz5kt1E\" frameborder=\"0\" allow=\"accelerometer; autoplay; encrypted-media; gyroscope; picture-in-picture\" allowfullscreen><\/iframe><\/div><\/div><\/div><\/div><div id=\"pg-2274-1\"  class=\"panel-grid panel-no-style\" ><div id=\"pgc-2274-1-0\"  class=\"panel-grid-cell\" ><div class=\"odmik-med-textom panel-cell-style panel-cell-style-for-2274-1-0\" ><div id=\"panel-2274-1-0-0\" class=\"so-panel widget widget_text panel-first-child panel-last-child\" data-index=\"2\" >\t\t\t<div class=\"textwidget\"><p>In order to provide all in one place we opened large showroom and a modern workshop in April 2001.<br \/>\nAt one of the largest piano saloons, we have exhibited a diverse collection of different models of world-renowned manufacturers. A diverse selection offers our customers the choice of an instrument that meets their requirements at all levels, from beginners to professional pianists. We are located in Menge\u0161, city with a musical tradition.<br \/>\nWe offer a range of services from routine tuning to maintenance, repair and restoration to full piano rebuild. Over the last 30 years, we have added additional services such as instrument rental for concert, piano rental for beginners, relocation, \u00a0buying and selling used piano, warehousing and consulting.<\/p>\n<p>We recognize the importance of timely, reliable services and we strive to offer professional quality services to our clients who pursue their musical dreams.<\/p>\n<\/div>\n\t\t<\/div><\/div><\/div><\/div><div id=\"pg-2274-2\"  class=\"panel-grid panel-no-style\" ><div id=\"pgc-2274-2-0\"  class=\"panel-grid-cell\" ><div id=\"panel-2274-2-0-0\" class=\"so-panel widget widget_text panel-first-child panel-last-child\" data-index=\"3\" ><div class=\"prodaja-text panel-widget-style panel-widget-style-for-2274-2-0-0\" ><h3 class=\"widget-title\">Sales<\/h3>\t\t\t<div class=\"textwidget\"><p>In our store you can choose a piano, grand piano or digital piano from the best European and world brands:<\/p>\n<ul>\n<li>Grand piano Fazioli,<\/li>\n<li>Piano Yamaha, Grand piano Yamaha or clavinova Yamaha (digital piano)<\/li>\n<li>Piano Kawai or Grand piano Kawai (also possible to rent a piano for beginner)<\/li>\n<li>Grand piano B\u00f6sendorfer or piano B\u00f6sendorfer,<\/li>\n<li>Grand piano Schimmel or piano Schimmel<\/li>\n<li>Piano Petrof or Grand piano Petrof<\/li>\n<\/ul>\n<\/div>\n\t\t<\/div><\/div><\/div><div id=\"pgc-2274-2-1\"  class=\"panel-grid-cell\" ><div id=\"panel-2274-2-1-0\" class=\"so-panel widget widget_media_image panel-first-child panel-last-child\" data-index=\"4\" ><div class=\"slika-zan panel-widget-style panel-widget-style-for-2274-2-1-0\" ><img loading=\"lazy\" decoding=\"async\" width=\"1278\" height=\"800\" src=\"https:\/\/benton.si\/wp-content\/uploads\/2020\/01\/zan.jpg\" class=\"image wp-image-3316  attachment-full size-full\" alt=\"\" style=\"max-width: 100%; height: auto;\" srcset=\"https:\/\/benton.si\/wp-content\/uploads\/2020\/01\/zan.jpg 1278w, https:\/\/benton.si\/wp-content\/uploads\/2020\/01\/zan-300x188.jpg 300w, https:\/\/benton.si\/wp-content\/uploads\/2020\/01\/zan-1024x641.jpg 1024w, https:\/\/benton.si\/wp-content\/uploads\/2020\/01\/zan-768x481.jpg 768w, https:\/\/benton.si\/wp-content\/uploads\/2020\/01\/zan-436x272.jpg 436w, https:\/\/benton.si\/wp-content\/uploads\/2020\/01\/zan-600x376.jpg 600w\" sizes=\"auto, (max-width: 1278px) 100vw, 1278px\" \/><\/div><\/div><\/div><\/div><div id=\"pg-2274-3\"  class=\"panel-grid panel-has-style\" ><div class=\"odmik-med-textom panel-row-style panel-row-style-for-2274-3\" ><div id=\"pgc-2274-3-0\"  class=\"panel-grid-cell\" ><div id=\"panel-2274-3-0-0\" class=\"so-panel widget widget_text panel-first-child panel-last-child\" data-index=\"5\" ><div class=\"odmik-med-textom-gor panel-widget-style panel-widget-style-for-2274-3-0-0\" >\t\t\t<div class=\"textwidget\"><p>We offer you favorable terms of purchase (discount on immediate payment, purchase on installments \u2026) and delivery to your home. For beginners, you can also rent a Kawai piano from us.<\/p>\n<p>We represent the world\u2019s leading manufacturers of pianos. Besides the represented ones, we also import pianos of some other brands. When buying a piano of a higher price and quality, it is possible to choose an instrument from the manufacturer.<br \/>\nIn addition to\u00a0 classic pianos and digital pianos, we also sell harpsichords, piano chairs, piano lights, music stands, metronome, humidity meters and humidification and drying systems.<\/p>\n<\/div>\n\t\t<\/div><\/div><\/div><\/div><\/div><div id=\"pg-2274-4\"  class=\"panel-grid panel-no-style\" ><div id=\"pgc-2274-4-0\"  class=\"panel-grid-cell\" ><div id=\"panel-2274-4-0-0\" class=\"so-panel widget widget_text panel-first-child\" data-index=\"6\" ><h3 class=\"widget-title\">Rent a new piano for the beginner<\/h3>\t\t\t<div class=\"textwidget\"><p>We offer the option of renting a new Kawai Piano of Japanese or Indonesian origin (different models and colors) for beginners with the option of later purchase.<\/p>\n<\/div>\n\t\t<\/div><div id=\"panel-2274-4-0-1\" class=\"so-panel widget widget_text\" data-index=\"7\" ><h3 class=\"widget-title\">Event Rental<\/h3>\t\t\t<div class=\"textwidget\"><p>You can rent different grand pianos for different occasions. We have the concert pianos, attractive Plexiglas Piano with self-illumination, smaller Pianos for smaller concerts, harpsichord or harmonies. We bring all the instruments professionally prepared to any stage in Slovenia.<\/p>\n<\/div>\n\t\t<\/div><div id=\"panel-2274-4-0-2\" class=\"so-panel widget widget_text\" data-index=\"8\" ><h3 class=\"widget-title\">Service and Tuning<\/h3>\t\t\t<div class=\"textwidget\"><p>We offer maintenance of pianos, from tuning and minor repairs at home, in the schools classroom or on stage, to the restoration of an old piano in our own workshop.<\/p>\n<\/div>\n\t\t<\/div><div id=\"panel-2274-4-0-3\" class=\"so-panel widget widget_text\" data-index=\"9\" ><h3 class=\"widget-title\">Relocations<\/h3>\t\t\t<div class=\"textwidget\"><p>We are equipped with modern aids for the transportation of heavy instruments through stairs and through other obstacles of modern architecture.<\/p>\n<\/div>\n\t\t<\/div><div id=\"panel-2274-4-0-4\" class=\"so-panel widget widget_text panel-last-child\" data-index=\"10\" ><h3 class=\"widget-title\">Why choose us?<\/h3>\t\t\t<div class=\"textwidget\"><ul>\n<li>Competitive prices and quality services<\/li>\n<li>all services in one place,<\/li>\n<li>adherence to agreed deadlines,<\/li>\n<li>promptness and prompt response,<\/li>\n<li>Invaluable years of experience and knowledge,<\/li>\n<li>flexibility and personal approach,<\/li>\n<li>professional performance-<\/li>\n<li>more than 30 years of experience.<\/li>\n<\/ul>\n<p>Join our satisfied customers! We are here to help! Call us and together we will find the best solution for you!<\/p>\n<\/div>\n\t\t<\/div><\/div><\/div><div id=\"pg-2274-5\"  class=\"panel-grid panel-no-style\" ><div id=\"pgc-2274-5-0\"  class=\"panel-grid-cell\" ><div id=\"panel-2274-5-0-0\" class=\"so-panel widget widget_text panel-first-child panel-last-child\" data-index=\"11\" ><h3 class=\"widget-title\">References<\/h3>\t\t\t<div class=\"textwidget\"><p>We cooperate with numerous music schools all over Slovenia and many renowned musicians.<br \/>\nUniversity of Ljubljana \u2013 Academy of Music, Maribor Music Conservatory, Conservatory of Music Ljubljana, Music School, Dom\u017eale, Music School Kranj, Music School Tr\u017ei\u010d, Music School Bre\u017eice, Music School Fran Gerbi\u010d Cerknica, Music School Roga\u0161ka Slatina, Cultural Center of Roga\u0161ka Slatina<\/p>\n<p>Join our satisfied customers! We are here to help! Call us and together we will find the best solution for you!<\/p>\n<\/div>\n\t\t<\/div><\/div><\/div><\/div>","protected":false},"excerpt":{"rendered":"<p>The Benton Piano Salon is a family-owned company with a long tradition in the Slovenian market. Following his father, Andrej Benda, who used to make church organs, Joseph Benda, founder at Benton, continues the tradition. The company was established by Ivanka and Jo\u017eef Benda in 1990. Recently their son Matic joined the company, who is [&hellip;]<\/p>\n","protected":false},"author":1,"featured_media":0,"parent":0,"menu_order":0,"comment_status":"closed","ping_status":"closed","template":"","meta":{"inline_featured_image":false,"footnotes":""},"class_list":["post-2274","page","type-page","status-publish","hentry","post"],"aioseo_notices":[],"_links":{"self":[{"href":"https:\/\/benton.si\/en\/wp-json\/wp\/v2\/pages\/2274","targetHints":{"allow":["GET"]}}],"collection":[{"href":"https:\/\/benton.si\/en\/wp-json\/wp\/v2\/pages"}],"about":[{"href":"https:\/\/benton.si\/en\/wp-json\/wp\/v2\/types\/page"}],"author":[{"embeddable":true,"href":"https:\/\/benton.si\/en\/wp-json\/wp\/v2\/users\/1"}],"replies":[{"embeddable":true,"href":"https:\/\/benton.si\/en\/wp-json\/wp\/v2\/comments?post=2274"}],"version-history":[{"count":0,"href":"https:\/\/benton.si\/en\/wp-json\/wp\/v2\/pages\/2274\/revisions"}],"wp:attachment":[{"href":"https:\/\/benton.si\/en\/wp-json\/wp\/v2\/media?parent=2274"}],"curies":[{"name":"wp","href":"https:\/\/api.w.org\/{rel}","templated":true}]}}