{"id":4658,"date":"2020-05-11T12:08:19","date_gmt":"2020-05-11T11:08:19","guid":{"rendered":"https:\/\/www.benton.si\/?page_id=4658"},"modified":"2020-05-11T12:08:20","modified_gmt":"2020-05-11T11:08:20","slug":"news","status":"publish","type":"page","link":"https:\/\/benton.si\/en\/news\/","title":{"rendered":"News"},"content":{"rendered":"<div id=\"pl-4658\"  class=\"panel-layout\" ><div id=\"pg-4658-0\"  class=\"panel-grid panel-no-style\" ><div id=\"pgc-4658-0-0\"  class=\"panel-grid-cell\" ><div id=\"panel-4658-0-0-0\" class=\"so-panel widget widget_text panel-first-child panel-last-child\" data-index=\"0\" >\t\t\t<div class=\"textwidget\"><h2><strong>11.05.2020: Prvo mednarodno klavirsko tekmovanje Schimmel<\/strong><\/h2>\n<p>Dragi prijatelji Schimmel-a<\/p>\n<p>Letos bo v Braunschweigu potekalo <strong>prvo mednarodno klavirsko tekmovanje Schimmel<\/strong>, kjer bodo mladi pianisti dobili prilo\u017enost, da se predstavijo in tekmujejo z drugimi pianisti. Poleg tega ponujajo privla\u010dne nagrade v skupni vrednosti 13.000, &#8211; evrov.<\/p>\n<p>Datumi tekmovanj so 11. do 13. september 2020 v Braunschweigu. Pianisti, stari od 18 do 32 let, so vabljeni, da se na tekmovanje prijavijo prek video posnetka in pisnega koncepta svojega koncertnega programa.<\/p>\n<p>Prijava pod: <a href=\"http:\/\/www.schimmel-klavierwettbewerb.de\/teilnehmen\">www.schimmel-klavierwettbewerb.de\/teilnehmen<\/a><\/p>\n<p>Rok za prijavo: 30. junij 2020<br \/>\nTermini tekmovanja v Braunschweigu: 11.-13. September 2020<br \/>\nKontakt: Daniela Martin<br \/>\nKontaktni e-po\u0161tni naslov: <a href=\"mailto:klavierwettbewerb@schimmel-piano.de\">klavierwettbewerb@schimmel-piano.de<\/a><\/p>\n<p>Ve\u010d informacij najdete v prilo\u017eenem letaku in na spletnem mestu <a href=\"http:\/\/www.schimmel-pianocompetition.com\" target=\"_blank\" rel=\"noopener\" data-saferedirecturl=\"https:\/\/www.google.com\/url?q=http:\/\/www.schimmel-pianocompetition.com&amp;source=gmail&amp;ust=1589277016479000&amp;usg=AFQjCNFZ9fNuJR2FfNmkI134LZrzq1sQ0g\">www.schimmel-pianocompetition.<wbr \/>com<\/a><\/p>\n<p><em>Vabljeni k deljenju razpisa med svoje prijatelje pianiste in u\u010dence!<\/em><\/p>\n<\/div>\n\t\t<\/div><\/div><\/div><div id=\"pg-4658-1\"  class=\"panel-grid panel-no-style\" ><div id=\"pgc-4658-1-0\"  class=\"panel-grid-cell\" ><div id=\"panel-4658-1-0-0\" class=\"so-panel widget widget_text panel-first-child panel-last-child\" data-index=\"1\" >\t\t\t<div class=\"textwidget\"><p><code id=\"envira_shortcode_id_4641\"><div id=\"envira-gallery-wrap-4641\" class=\"envira-gallery-wrap envira-gallery-theme-base envira-lightbox-theme-base\" itemscope itemtype=\"https:\/\/schema.org\/ImageGallery\"><div data-row-height=\"150\" data-gallery-theme=\"normal\" id=\"envira-gallery-4641\" class=\"envira-gallery-public envira-gallery-justified-public envira-gallery-0-columns envira-clear enviratope envira-gallery-css-animations\" data-envira-columns=\"0\"><div id=\"envira-gallery-item-4642\" class=\"envira-gallery-item enviratope-item envira-gallery-item-1 envira-lazy-load\" style=\"padding-left: 5px; padding-bottom: 10px; padding-right: 5px;\"  itemscope itemtype=\"https:\/\/schema.org\/ImageObject\"><div class=\"envira-gallery-item-inner\"><div class=\"envira-gallery-position-overlay  envira-gallery-top-left\"><\/div><div class=\"envira-gallery-position-overlay  envira-gallery-top-right\"><\/div><div class=\"envira-gallery-position-overlay  envira-gallery-bottom-left\"><\/div><div class=\"envira-gallery-position-overlay  envira-gallery-bottom-right\"><\/div><a href=\"https:\/\/benton.si\/wp-content\/uploads\/2020\/05\/Schimmel-Piano-Competition-2020-Flyer-page-001-1-1024x722.jpg\" class=\"envira-gallery-4641 envira-gallery-link\" rel=\"enviragallery4641\" title=\"Schimmel Piano Competition 2020\" data-envira-caption=\"Schimmel Piano Competition 2020\" data-envira-retina=\"\" data-thumbnail=\"\"  itemprop=\"contentUrl\"><img decoding=\"async\" id=\"envira-gallery-image-4642\" class=\"envira-gallery-image envira-gallery-image-1 envira-normal envira-lazy\" data-envira-index=\"1\" src=\"https:\/\/benton.si\/wp-content\/uploads\/2020\/05\/Schimmel-Piano-Competition-2020-Flyer-page-001-1-1024x722.jpg\" data-envira-src=\"https:\/\/benton.si\/wp-content\/uploads\/2020\/05\/Schimmel-Piano-Competition-2020-Flyer-page-001-1-1024x722.jpg\" data-envira-gallery-id=\"4641\" data-envira-item-id=\"4642\" data-envira-caption=\"Schimmel Piano Competition 2020\" alt=\"Schimmel Piano Competition 2020 Flyer-page-001\" title=\"Schimmel Piano Competition 2020\"  itemprop=\"thumbnailUrl\" data-envira-srcset=\"https:\/\/benton.si\/wp-content\/uploads\/2020\/05\/Schimmel-Piano-Competition-2020-Flyer-page-001-1-1024x722.jpg 400w,https:\/\/benton.si\/wp-content\/uploads\/2020\/05\/Schimmel-Piano-Competition-2020-Flyer-page-001-1-1024x722.jpg 2x\" data-envira-width=\"300\" data-envira-height=\"211\" srcset=\"data:image\/gif;base64,R0lGODlhAQABAIAAAP\/\/\/\/\/\/\/yH5BAEKAAEALAAAAAABAAEAAAICTAEAOw==\" data-safe-src=\"data:image\/gif;base64,R0lGODlhAQABAIAAAP\/\/\/\/\/\/\/yH5BAEKAAEALAAAAAABAAEAAAICTAEAOw==\" \/><\/a><\/div><\/div><div id=\"envira-gallery-item-4644\" class=\"envira-gallery-item enviratope-item envira-gallery-item-2 envira-lazy-load\" style=\"padding-left: 5px; padding-bottom: 10px; padding-right: 5px;\"  itemscope itemtype=\"https:\/\/schema.org\/ImageObject\"><div class=\"envira-gallery-item-inner\"><div class=\"envira-gallery-position-overlay  envira-gallery-top-left\"><\/div><div class=\"envira-gallery-position-overlay  envira-gallery-top-right\"><\/div><div class=\"envira-gallery-position-overlay  envira-gallery-bottom-left\"><\/div><div class=\"envira-gallery-position-overlay  envira-gallery-bottom-right\"><\/div><a href=\"https:\/\/benton.si\/wp-content\/uploads\/2020\/05\/Schimmel-Piano-Competition-2020-Flyer-page-002-1-1024x729.jpg\" class=\"envira-gallery-4641 envira-gallery-link\" rel=\"enviragallery4641\" title=\"Schimmel Piano Competition 2020\" data-envira-caption=\"Schimmel Piano Competition 2020\" data-envira-retina=\"\" data-thumbnail=\"\"  itemprop=\"contentUrl\"><img decoding=\"async\" id=\"envira-gallery-image-4644\" class=\"envira-gallery-image envira-gallery-image-2 envira-normal envira-lazy\" data-envira-index=\"2\" src=\"https:\/\/benton.si\/wp-content\/uploads\/2020\/05\/Schimmel-Piano-Competition-2020-Flyer-page-002-1-1024x729.jpg\" data-envira-src=\"https:\/\/benton.si\/wp-content\/uploads\/2020\/05\/Schimmel-Piano-Competition-2020-Flyer-page-002-1-1024x729.jpg\" data-envira-gallery-id=\"4641\" data-envira-item-id=\"4644\" data-envira-caption=\"Schimmel Piano Competition 2020\" alt=\"Schimmel Piano Competition 2020 Flyer-page-002\" title=\"Schimmel Piano Competition 2020\"  itemprop=\"thumbnailUrl\" data-envira-srcset=\"https:\/\/benton.si\/wp-content\/uploads\/2020\/05\/Schimmel-Piano-Competition-2020-Flyer-page-002-1-1024x729.jpg 400w,https:\/\/benton.si\/wp-content\/uploads\/2020\/05\/Schimmel-Piano-Competition-2020-Flyer-page-002-1-1024x729.jpg 2x\" data-envira-width=\"300\" data-envira-height=\"214\" srcset=\"data:image\/gif;base64,R0lGODlhAQABAIAAAP\/\/\/\/\/\/\/yH5BAEKAAEALAAAAAABAAEAAAICTAEAOw==\" data-safe-src=\"data:image\/gif;base64,R0lGODlhAQABAIAAAP\/\/\/\/\/\/\/yH5BAEKAAEALAAAAAABAAEAAAICTAEAOw==\" \/><\/a><\/div><\/div><\/div><\/div><noscript><img decoding=\"async\" src=\"https:\/\/benton.si\/wp-content\/uploads\/2020\/05\/Schimmel-Piano-Competition-2020-Flyer-page-001-1.jpg\" alt=\"Schimmel Piano Competition 2020 Flyer-page-001\" \/><img decoding=\"async\" src=\"https:\/\/benton.si\/wp-content\/uploads\/2020\/05\/Schimmel-Piano-Competition-2020-Flyer-page-002-1.jpg\" alt=\"Schimmel Piano Competition 2020 Flyer-page-002\" \/><\/noscript><\/code><\/p>\n<\/div>\n\t\t<\/div><\/div><\/div><div id=\"pg-4658-2\"  class=\"panel-grid panel-no-style\" ><div id=\"pgc-4658-2-0\"  class=\"panel-grid-cell\" ><div id=\"panel-4658-2-0-0\" class=\"so-panel widget widget_text panel-first-child panel-last-child\" data-index=\"2\" >\t\t\t<div class=\"textwidget\"><h2><strong>03.05.2020: Ponovno odpiramo Salon klavirjev Benton<br \/>\n<\/strong><\/h2>\n<p>Spo\u0161tovane stranke,<\/p>\n<p>obve\u0161\u010damo vas, da jutri, 04.05.2020, odpiramo vrata na\u0161e trgovine Salon klavirjev Benton d.o.o. z dolo\u010denimi omejitvami.<\/p>\n<ul>\n<li>Obisk salona je do nadaljnjega mo\u017een po predhodnem dogovoru na na\u0161o telefonsko \u0161tevilko: 031\/630-830 ali po elektronski po\u0161ti na <a href=\"mailto:benton@benton.si\">benton@benton.si<\/a>.<\/li>\n<\/ul>\n<p>Delovni \u010das trgovine: pon &#8211; pet: 9.00-14.00 in 16.00-19.00<br \/>\nSob: 9.00 \u2013 12.00<\/p>\n<ul>\n<li>Obisk trgovine je mo\u017een samo s predpisano za\u0161\u010ditno opremo-masko. Ob vstopu vam je na voljo razku\u017eilo za roke. Prosimo, upo\u0161tevajte navodila pri vhodu.<\/li>\n<\/ul>\n<p>V skrbi za varnost in za\u0161\u010dito kupcev in na\u0161ih zaposlenih prostore <strong>redno zra\u010dimo<\/strong>, dodatno pa \u010distimo in razku\u017eujemo vse izpostavljene povr\u0161ine, na\u0161i zaposleni uporabljajo predpisano za\u0161\u010ditno opremo. Prosimo vas, da upo\u0161tevate priporo\u010dila in ukrepe vlade in NIJZ .<\/p>\n<p>Hvala za razumevanje,<br \/>\nBenton d.o.o.<\/p>\n<p>&nbsp;<\/p>\n<\/div>\n\t\t<\/div><\/div><\/div><div id=\"pg-4658-3\"  class=\"panel-grid panel-no-style\" ><div id=\"pgc-4658-3-0\"  class=\"panel-grid-cell\" ><div id=\"panel-4658-3-0-0\" class=\"so-panel widget widget_text panel-first-child panel-last-child\" data-index=\"3\" >\t\t\t<div class=\"textwidget\"><h2><strong>15.03.2020: Obvestilo o za\u010dasnem zaprtju trgovine\u00a0 zaradi pandemije Koronavirusa\u00a0<\/strong><\/h2>\n<p>Spo\u0161tovani,<br \/>\nObve\u0161\u010damo vas, da bo fizi\u010dna trgovina Benton zaradi pandemije Koronavirusa od 16.03.2020 in do nadaljnega zaprta.<br \/>\nNa\u0161o ponudbo si lahko ogledate na <a href=\"https:\/\/www.benton.si\/\">Benton.si<\/a>, spremljajte nas na Facebooku in Instagramu. Na vsa va\u0161a vpra\u0161anja bomo z veseljem odgovarjali in vam svetovali preko telefona ali e-po\u0161te.<br \/>\nPazite na svoje zdravje in zdravje va\u0161ih bli\u017enjih! Bodimo odgovorni do dru\u017ebe, upo\u0161tevajmo ukrepe, ostanemo doma in skupaj prepre\u010dimo \u0161irjenje virusa COVID-19.<\/p>\n<p>HVALA za razumevanje,<br \/>\nBenton d.o.o.<\/p>\n<\/div>\n\t\t<\/div><\/div><\/div><div id=\"pg-4658-4\"  class=\"panel-grid panel-no-style\" ><div id=\"pgc-4658-4-0\"  class=\"panel-grid-cell\" ><div id=\"panel-4658-4-0-0\" class=\"so-panel widget widget_text panel-first-child panel-last-child\" data-index=\"4\" >\t\t\t<div class=\"textwidget\"><div id=\"pg-479-3\" class=\"panel-grid panel-no-style\">\n<div id=\"pgc-479-3-0\" class=\"panel-grid-cell\">\n<div id=\"panel-479-3-0-0\" class=\"so-panel widget widget_text panel-first-child panel-last-child\" data-index=\"4\">\n<div class=\"textwidget\">\n<div class=\"layout-content-body\">\n<h2>18.02.2020: Razpis tekmovanja pianistov za \u0161tipendijo YAMAHA 2020<\/h2>\n<p><strong>Akademija za glasbo in Yamaha Music Foundation of Europe razpisujeta \u0161tipendijo v enkratnem znesku 1.000,00 EUR \u0161tudentom evropskih glasbenih akademij in visokih \u0161ol in sicer menjaje na podro\u010djih klavirja, godal, trobil, pihal in petja.<\/strong><\/p>\n<p>Izbrana disciplina za leto 2020 je klavir.<\/p>\n<p>Tekmovanje za \u0161tipendijo YAMAHA 2020 bo potekalo v petek, 28. februarja 2020 od 9.30 dalje v Veliki dvorani Pala\u010de Kazina (v primeru velikega \u0161tevila prijav tudi \u017ee v \u010detrtek, 27. februarja od 15.00 dalje).<\/p>\n<p>&nbsp;<\/p>\n<p><strong><a href=\"http:\/\/www.ag.uni-lj.si\/e_files\/news\/tekmovanja\/RAZPIS%20TEKMOVANJA%20ZA%20%C5%A0TIPENDIJO%20YAMAHA%202020.pdf\">RAZPIS TEKMOVANJA<\/a><\/strong><\/p>\n<p><strong><a href=\"http:\/\/www.ag.uni-lj.si\/e_files\/news\/tekmovanja\/PRIJAVNICA%20ZA%20TEKMOVANJE%20ZA%20%C5%A0TIPENDIJO%20YAMAHA%202020.pdf\">PRIJAVNICA<\/a><\/strong><\/p>\n<p>Kandidate bo ocenjevala strokovna komisija profesorjev oddelka za instrumente s tipkami, tekmovanje bo javno.<\/p>\n<p>Udele\u017eijo se ga lahko \u0161tudenti prvostopenjskih in magistrskih programov GU in IPP, smer klavir, ki imajo v \u0161tudijskem letu 2019\/20 status \u0161tudenta na Akademiji za glasbo. \u0160tudenti, ki so \u0161tipendijo YAMAHA v preteklosti \u017ee prejeli, se na ta razpis ne morejo prijaviti.<\/p>\n<p>Kandidati bodo izvajali spored dol\u017eine 25\u201330 minut, ki mora vsebovati najmanj dve deli razli\u010dnih slogovnih obdobij, igrali pa bodo na klavirju YAMAHA S6. Izpolnjene prijavnice (s podpisom profesorja glavnega predmeta), oddajte najkasneje do ponedeljka, 24. februarja 2020 do 15. ure v predal pred zbornico predstojniku oddelka prof. Hinku Haasu.<\/p>\n<p>Prijave, oddane po tem roku, bodo neveljavne.<\/p>\n<p>Razpored nastopov in vaj bo objavljen v torek, 25. 2. 2020 na spletni strani AG.<\/p>\n<p>Predstavniki YMFE bodo nagrajencu podelili \u0161tipendijo na enem izmed spomladanskih koncertov Akademije za glasbo.<\/p>\n<p>Ljubljana, 20. januar 2020<br \/>\nPredstojnik oddelka za instrumente s tipkami:<br \/>\nred. prof. Hinko Haas, l.r.<\/p>\n<\/div>\n<p>vir: <a href=\"https:\/\/www.ag.uni-lj.si\/obvestila\/obvestila-studentom\/razpis-tekmovanja-pianistov-za-stipendijo-yamaha-2020\">Akademija za glasbo \u2013 razpis za \u0161tipendijo YAMAHA 2020<\/a><\/p>\n<\/div>\n<\/div>\n<\/div>\n<\/div>\n<div id=\"pg-479-4\" class=\"panel-grid panel-no-style\">\n<div id=\"pgc-479-4-0\" class=\"panel-grid-cell\">\n<div id=\"panel-479-4-0-0\" class=\"widget_text so-panel widget widget_custom_html panel-first-child panel-last-child\" data-index=\"5\">\n<div class=\"textwidget custom-html-widget\"><\/div>\n<\/div>\n<\/div>\n<\/div>\n<\/div>\n\t\t<\/div><\/div><div id=\"pgc-4658-4-1\"  class=\"panel-grid-cell\" ><div id=\"panel-4658-4-1-0\" class=\"so-panel widget widget_media_image panel-first-child panel-last-child\" data-index=\"5\" ><img loading=\"lazy\" decoding=\"async\" width=\"300\" height=\"200\" src=\"https:\/\/benton.si\/wp-content\/uploads\/2020\/02\/yamaha_logo_black-300x200.jpg\" class=\"image wp-image-4301  attachment-medium size-medium\" alt=\"\" style=\"max-width: 100%; height: auto;\" srcset=\"https:\/\/benton.si\/wp-content\/uploads\/2020\/02\/yamaha_logo_black-300x200.jpg 300w, https:\/\/benton.si\/wp-content\/uploads\/2020\/02\/yamaha_logo_black-1024x683.jpg 1024w, https:\/\/benton.si\/wp-content\/uploads\/2020\/02\/yamaha_logo_black-768x512.jpg 768w, https:\/\/benton.si\/wp-content\/uploads\/2020\/02\/yamaha_logo_black-272x182.jpg 272w, https:\/\/benton.si\/wp-content\/uploads\/2020\/02\/yamaha_logo_black-600x400.jpg 600w, https:\/\/benton.si\/wp-content\/uploads\/2020\/02\/yamaha_logo_black.jpg 1200w\" sizes=\"auto, (max-width: 300px) 100vw, 300px\" \/><\/div><\/div><\/div><\/div>","protected":false},"excerpt":{"rendered":"<p>11.05.2020: Prvo mednarodno klavirsko tekmovanje Schimmel Dragi prijatelji Schimmel-a Letos bo v Braunschweigu potekalo prvo mednarodno klavirsko tekmovanje Schimmel, kjer bodo mladi pianisti dobili prilo\u017enost, da se predstavijo in tekmujejo z drugimi pianisti. Poleg tega ponujajo privla\u010dne nagrade v skupni vrednosti 13.000, &#8211; evrov. Datumi tekmovanj so 11. do 13. september 2020 v Braunschweigu. Pianisti, [&hellip;]<\/p>\n","protected":false},"author":1,"featured_media":0,"parent":0,"menu_order":0,"comment_status":"closed","ping_status":"closed","template":"","meta":{"inline_featured_image":false,"footnotes":""},"class_list":["post-4658","page","type-page","status-publish","hentry","post"],"aioseo_notices":[],"_links":{"self":[{"href":"https:\/\/benton.si\/en\/wp-json\/wp\/v2\/pages\/4658","targetHints":{"allow":["GET"]}}],"collection":[{"href":"https:\/\/benton.si\/en\/wp-json\/wp\/v2\/pages"}],"about":[{"href":"https:\/\/benton.si\/en\/wp-json\/wp\/v2\/types\/page"}],"author":[{"embeddable":true,"href":"https:\/\/benton.si\/en\/wp-json\/wp\/v2\/users\/1"}],"replies":[{"embeddable":true,"href":"https:\/\/benton.si\/en\/wp-json\/wp\/v2\/comments?post=4658"}],"version-history":[{"count":0,"href":"https:\/\/benton.si\/en\/wp-json\/wp\/v2\/pages\/4658\/revisions"}],"wp:attachment":[{"href":"https:\/\/benton.si\/en\/wp-json\/wp\/v2\/media?parent=4658"}],"curies":[{"name":"wp","href":"https:\/\/api.w.org\/{rel}","templated":true}]}}