{"id":2392,"date":"2019-11-08T12:06:04","date_gmt":"2019-11-08T11:06:04","guid":{"rendered":"http:\/\/77092f9d.ngrok.io\/benton\/product\/kawai-nd-21\/"},"modified":"2020-01-24T11:43:57","modified_gmt":"2020-01-24T10:43:57","slug":"kawai-nd-21","status":"publish","type":"product","link":"https:\/\/benton.si\/en\/product\/kawai-nd-21\/","title":{"rendered":"Kawai ND-21"},"content":{"rendered":"<div id=\"envira-gallery-wrap-1306\" class=\"envira-gallery-wrap envira-gallery-theme-base envira-lightbox-theme-base\" itemscope itemtype=\"https:\/\/schema.org\/ImageGallery\"><div data-row-height=\"150\" data-gallery-theme=\"normal\" id=\"envira-gallery-1306\" class=\"envira-gallery-public envira-gallery-justified-public envira-gallery-0-columns envira-clear enviratope envira-gallery-css-animations\" data-envira-columns=\"0\"><div id=\"envira-gallery-item-1311\" class=\"envira-gallery-item enviratope-item envira-gallery-item-1 envira-lazy-load\" style=\"padding-left: 5px; padding-bottom: 10px; padding-right: 5px;\"  itemscope itemtype=\"https:\/\/schema.org\/ImageObject\"><div class=\"envira-gallery-item-inner\"><div class=\"envira-gallery-position-overlay  envira-gallery-top-left\"><\/div><div class=\"envira-gallery-position-overlay  envira-gallery-top-right\"><\/div><div class=\"envira-gallery-position-overlay  envira-gallery-bottom-left\"><\/div><div class=\"envira-gallery-position-overlay  envira-gallery-bottom-right\"><\/div><a href=\"https:\/\/benton.si\/wp-content\/uploads\/2019\/11\/ND-21_styling-1024x782.jpg\" class=\"envira-gallery-1306 envira-gallery-link\" rel=\"enviragallery1306\" title=\"KAWAI ND-21\" data-envira-caption=\"KAWAI ND-21\" data-envira-retina=\"\" data-thumbnail=\"\"  itemprop=\"contentUrl\"><img decoding=\"async\" id=\"envira-gallery-image-1311\" class=\"envira-gallery-image envira-gallery-image-1 envira-normal envira-lazy\" data-envira-index=\"1\" src=\"https:\/\/benton.si\/wp-content\/uploads\/2019\/11\/ND-21_styling-1024x782-640x480.jpg\" data-envira-src=\"https:\/\/benton.si\/wp-content\/uploads\/2019\/11\/ND-21_styling-1024x782-640x480.jpg\" data-envira-gallery-id=\"1306\" data-envira-item-id=\"1311\" data-envira-caption=\"KAWAI ND-21\" alt=\"KAWAI ND-21 \u010drn\" title=\"KAWAI ND-21\"  itemprop=\"thumbnailUrl\" data-envira-srcset=\"https:\/\/benton.si\/wp-content\/uploads\/2019\/11\/ND-21_styling-1024x782-640x480.jpg 400w,https:\/\/benton.si\/wp-content\/uploads\/2019\/11\/ND-21_styling-1024x782-640x480.jpg 2x\" data-envira-width=\"300\" data-envira-height=\"229\" srcset=\"data:image\/gif;base64,R0lGODlhAQABAIAAAP\/\/\/\/\/\/\/yH5BAEKAAEALAAAAAABAAEAAAICTAEAOw==\" data-safe-src=\"data:image\/gif;base64,R0lGODlhAQABAIAAAP\/\/\/\/\/\/\/yH5BAEKAAEALAAAAAABAAEAAAICTAEAOw==\" \/><\/a><\/div><\/div><div id=\"envira-gallery-item-1309\" class=\"envira-gallery-item enviratope-item envira-gallery-item-2 envira-lazy-load\" style=\"padding-left: 5px; padding-bottom: 10px; padding-right: 5px;\"  itemscope itemtype=\"https:\/\/schema.org\/ImageObject\"><div class=\"envira-gallery-item-inner\"><div class=\"envira-gallery-position-overlay  envira-gallery-top-left\"><\/div><div class=\"envira-gallery-position-overlay  envira-gallery-top-right\"><\/div><div class=\"envira-gallery-position-overlay  envira-gallery-bottom-left\"><\/div><div class=\"envira-gallery-position-overlay  envira-gallery-bottom-right\"><\/div><a href=\"https:\/\/benton.si\/wp-content\/uploads\/2019\/11\/ND-21-right-in-front-1024x815.jpg\" class=\"envira-gallery-1306 envira-gallery-link\" rel=\"enviragallery1306\" title=\"KAWAI ND-21\" data-envira-caption=\"KAWAI ND-21\" data-envira-retina=\"\" data-thumbnail=\"\"  itemprop=\"contentUrl\"><img decoding=\"async\" id=\"envira-gallery-image-1309\" class=\"envira-gallery-image envira-gallery-image-2 envira-normal envira-lazy\" data-envira-index=\"2\" src=\"https:\/\/benton.si\/wp-content\/uploads\/2019\/11\/ND-21-right-in-front-1024x815-640x480.jpg\" data-envira-src=\"https:\/\/benton.si\/wp-content\/uploads\/2019\/11\/ND-21-right-in-front-1024x815-640x480.jpg\" data-envira-gallery-id=\"1306\" data-envira-item-id=\"1309\" data-envira-caption=\"KAWAI ND-21\" alt=\"KAWAI ND-21 spredaj\" title=\"KAWAI ND-21\"  itemprop=\"thumbnailUrl\" data-envira-srcset=\"https:\/\/benton.si\/wp-content\/uploads\/2019\/11\/ND-21-right-in-front-1024x815-640x480.jpg 400w,https:\/\/benton.si\/wp-content\/uploads\/2019\/11\/ND-21-right-in-front-1024x815-640x480.jpg 2x\" data-envira-width=\"300\" data-envira-height=\"239\" srcset=\"data:image\/gif;base64,R0lGODlhAQABAIAAAP\/\/\/\/\/\/\/yH5BAEKAAEALAAAAAABAAEAAAICTAEAOw==\" data-safe-src=\"data:image\/gif;base64,R0lGODlhAQABAIAAAP\/\/\/\/\/\/\/yH5BAEKAAEALAAAAAABAAEAAAICTAEAOw==\" \/><\/a><\/div><\/div><div id=\"envira-gallery-item-1310\" class=\"envira-gallery-item enviratope-item envira-gallery-item-3 envira-lazy-load\" style=\"padding-left: 5px; padding-bottom: 10px; padding-right: 5px;\"  itemscope itemtype=\"https:\/\/schema.org\/ImageObject\"><div class=\"envira-gallery-item-inner\"><div class=\"envira-gallery-position-overlay  envira-gallery-top-left\"><\/div><div class=\"envira-gallery-position-overlay  envira-gallery-top-right\"><\/div><div class=\"envira-gallery-position-overlay  envira-gallery-bottom-left\"><\/div><div class=\"envira-gallery-position-overlay  envira-gallery-bottom-right\"><\/div><a href=\"https:\/\/benton.si\/wp-content\/uploads\/2019\/11\/ND21-specifikacije.jpg\" class=\"envira-gallery-1306 envira-gallery-link\" rel=\"enviragallery1306\" title=\"KAWAI ND-21\" data-envira-caption=\"KAWAI ND-21\" data-envira-retina=\"\" data-thumbnail=\"\"  itemprop=\"contentUrl\"><img decoding=\"async\" id=\"envira-gallery-image-1310\" class=\"envira-gallery-image envira-gallery-image-3 envira-normal envira-lazy\" data-envira-index=\"3\" src=\"https:\/\/benton.si\/wp-content\/uploads\/2019\/11\/ND21-specifikacije-640x480.jpg\" data-envira-src=\"https:\/\/benton.si\/wp-content\/uploads\/2019\/11\/ND21-specifikacije-640x480.jpg\" data-envira-gallery-id=\"1306\" data-envira-item-id=\"1310\" data-envira-caption=\"KAWAI ND-21\" alt=\"KAWAI ND-21 specifikacije\" title=\"KAWAI ND-21\"  itemprop=\"thumbnailUrl\" data-envira-srcset=\"https:\/\/benton.si\/wp-content\/uploads\/2019\/11\/ND21-specifikacije-640x480.jpg 400w,https:\/\/benton.si\/wp-content\/uploads\/2019\/11\/ND21-specifikacije-640x480.jpg 2x\" data-envira-width=\"247\" data-envira-height=\"300\" srcset=\"data:image\/gif;base64,R0lGODlhAQABAIAAAP\/\/\/\/\/\/\/yH5BAEKAAEALAAAAAABAAEAAAICTAEAOw==\" data-safe-src=\"data:image\/gif;base64,R0lGODlhAQABAIAAAP\/\/\/\/\/\/\/yH5BAEKAAEALAAAAAABAAEAAAICTAEAOw==\" \/><\/a><\/div><\/div><div id=\"envira-gallery-item-1312\" class=\"envira-gallery-item enviratope-item envira-gallery-item-4 envira-lazy-load\" style=\"padding-left: 5px; padding-bottom: 10px; padding-right: 5px;\"  itemscope itemtype=\"https:\/\/schema.org\/ImageObject\"><div class=\"envira-gallery-item-inner\"><div class=\"envira-gallery-position-overlay  envira-gallery-top-left\"><\/div><div class=\"envira-gallery-position-overlay  envira-gallery-top-right\"><\/div><div class=\"envira-gallery-position-overlay  envira-gallery-bottom-left\"><\/div><div class=\"envira-gallery-position-overlay  envira-gallery-bottom-right\"><\/div><a href=\"https:\/\/benton.si\/wp-content\/uploads\/2019\/11\/Right-in-front-without-upper-lower-panels-1024x820.jpg\" class=\"envira-gallery-1306 envira-gallery-link\" rel=\"enviragallery1306\" title=\"KAWAI ND-21\" data-envira-caption=\"KAWAI ND-21\" data-envira-retina=\"\" data-thumbnail=\"\"  itemprop=\"contentUrl\"><img decoding=\"async\" id=\"envira-gallery-image-1312\" class=\"envira-gallery-image envira-gallery-image-4 envira-normal envira-lazy\" data-envira-index=\"4\" src=\"https:\/\/benton.si\/wp-content\/uploads\/2019\/11\/Right-in-front-without-upper-lower-panels-1024x820-640x480.jpg\" data-envira-src=\"https:\/\/benton.si\/wp-content\/uploads\/2019\/11\/Right-in-front-without-upper-lower-panels-1024x820-640x480.jpg\" data-envira-gallery-id=\"1306\" data-envira-item-id=\"1312\" data-envira-caption=\"KAWAI ND-21\" alt=\"KAWAI ND-21 notranjost\" title=\"KAWAI ND-21\"  itemprop=\"thumbnailUrl\" data-envira-srcset=\"https:\/\/benton.si\/wp-content\/uploads\/2019\/11\/Right-in-front-without-upper-lower-panels-1024x820-640x480.jpg 400w,https:\/\/benton.si\/wp-content\/uploads\/2019\/11\/Right-in-front-without-upper-lower-panels-1024x820-640x480.jpg 2x\" data-envira-width=\"300\" data-envira-height=\"240\" srcset=\"data:image\/gif;base64,R0lGODlhAQABAIAAAP\/\/\/\/\/\/\/yH5BAEKAAEALAAAAAABAAEAAAICTAEAOw==\" data-safe-src=\"data:image\/gif;base64,R0lGODlhAQABAIAAAP\/\/\/\/\/\/\/yH5BAEKAAEALAAAAAABAAEAAAICTAEAOw==\" \/><\/a><\/div><\/div><div id=\"envira-gallery-item-1313\" class=\"envira-gallery-item enviratope-item envira-gallery-item-5 envira-lazy-load\" style=\"padding-left: 5px; padding-bottom: 10px; padding-right: 5px;\"  itemscope itemtype=\"https:\/\/schema.org\/ImageObject\"><div class=\"envira-gallery-item-inner\"><div class=\"envira-gallery-position-overlay  envira-gallery-top-left\"><\/div><div class=\"envira-gallery-position-overlay  envira-gallery-top-right\"><\/div><div class=\"envira-gallery-position-overlay  envira-gallery-bottom-left\"><\/div><div class=\"envira-gallery-position-overlay  envira-gallery-bottom-right\"><\/div><a href=\"https:\/\/benton.si\/wp-content\/uploads\/2019\/11\/Silver-pedals-1024x683.jpg\" class=\"envira-gallery-1306 envira-gallery-link\" rel=\"enviragallery1306\" title=\"KAWAI ND-21\" data-envira-caption=\"KAWAI ND-21\" data-envira-retina=\"\" data-thumbnail=\"\"  itemprop=\"contentUrl\"><img decoding=\"async\" id=\"envira-gallery-image-1313\" class=\"envira-gallery-image envira-gallery-image-5 envira-normal envira-lazy\" data-envira-index=\"5\" src=\"https:\/\/benton.si\/wp-content\/uploads\/2019\/11\/Silver-pedals-1024x683-640x480.jpg\" data-envira-src=\"https:\/\/benton.si\/wp-content\/uploads\/2019\/11\/Silver-pedals-1024x683-640x480.jpg\" data-envira-gallery-id=\"1306\" data-envira-item-id=\"1313\" data-envira-caption=\"KAWAI ND-21\" alt=\"KAWAI ND-21 srebrna pedala\" title=\"KAWAI ND-21\"  itemprop=\"thumbnailUrl\" data-envira-srcset=\"https:\/\/benton.si\/wp-content\/uploads\/2019\/11\/Silver-pedals-1024x683-640x480.jpg 400w,https:\/\/benton.si\/wp-content\/uploads\/2019\/11\/Silver-pedals-1024x683-640x480.jpg 2x\" data-envira-width=\"300\" data-envira-height=\"200\" srcset=\"data:image\/gif;base64,R0lGODlhAQABAIAAAP\/\/\/\/\/\/\/yH5BAEKAAEALAAAAAABAAEAAAICTAEAOw==\" data-safe-src=\"data:image\/gif;base64,R0lGODlhAQABAIAAAP\/\/\/\/\/\/\/yH5BAEKAAEALAAAAAABAAEAAAICTAEAOw==\" \/><\/a><\/div><\/div><div id=\"envira-gallery-item-1315\" class=\"envira-gallery-item enviratope-item envira-gallery-item-6 envira-lazy-load\" style=\"padding-left: 5px; padding-bottom: 10px; padding-right: 5px;\"  itemscope itemtype=\"https:\/\/schema.org\/ImageObject\"><div class=\"envira-gallery-item-inner\"><div class=\"envira-gallery-position-overlay  envira-gallery-top-left\"><\/div><div class=\"envira-gallery-position-overlay  envira-gallery-top-right\"><\/div><div class=\"envira-gallery-position-overlay  envira-gallery-bottom-left\"><\/div><div class=\"envira-gallery-position-overlay  envira-gallery-bottom-right\"><\/div><a href=\"https:\/\/benton.si\/wp-content\/uploads\/2019\/11\/Soundboard1-1024x859.jpg\" class=\"envira-gallery-1306 envira-gallery-link\" rel=\"enviragallery1306\" title=\"KAWAI ND-21\" data-envira-caption=\"KAWAI ND-21\" data-envira-retina=\"\" data-thumbnail=\"\"  itemprop=\"contentUrl\"><img decoding=\"async\" id=\"envira-gallery-image-1315\" class=\"envira-gallery-image envira-gallery-image-6 envira-normal envira-lazy\" data-envira-index=\"6\" src=\"https:\/\/benton.si\/wp-content\/uploads\/2019\/11\/Soundboard1-1024x859-640x480.jpg\" data-envira-src=\"https:\/\/benton.si\/wp-content\/uploads\/2019\/11\/Soundboard1-1024x859-640x480.jpg\" data-envira-gallery-id=\"1306\" data-envira-item-id=\"1315\" data-envira-caption=\"KAWAI ND-21\" alt=\"KAWAI ND-21 resona\u010dna plo\u0161\u010da\" title=\"KAWAI ND-21\"  itemprop=\"thumbnailUrl\" data-envira-srcset=\"https:\/\/benton.si\/wp-content\/uploads\/2019\/11\/Soundboard1-1024x859-640x480.jpg 400w,https:\/\/benton.si\/wp-content\/uploads\/2019\/11\/Soundboard1-1024x859-640x480.jpg 2x\" data-envira-width=\"300\" data-envira-height=\"252\" srcset=\"data:image\/gif;base64,R0lGODlhAQABAIAAAP\/\/\/\/\/\/\/yH5BAEKAAEALAAAAAABAAEAAAICTAEAOw==\" data-safe-src=\"data:image\/gif;base64,R0lGODlhAQABAIAAAP\/\/\/\/\/\/\/yH5BAEKAAEALAAAAAABAAEAAAICTAEAOw==\" \/><\/a><\/div><\/div><div id=\"envira-gallery-item-1317\" class=\"envira-gallery-item enviratope-item envira-gallery-item-7 envira-lazy-load\" style=\"padding-left: 5px; padding-bottom: 10px; padding-right: 5px;\"  itemscope itemtype=\"https:\/\/schema.org\/ImageObject\"><div class=\"envira-gallery-item-inner\"><div class=\"envira-gallery-position-overlay  envira-gallery-top-left\"><\/div><div class=\"envira-gallery-position-overlay  envira-gallery-top-right\"><\/div><div class=\"envira-gallery-position-overlay  envira-gallery-bottom-left\"><\/div><div class=\"envira-gallery-position-overlay  envira-gallery-bottom-right\"><\/div><a href=\"https:\/\/benton.si\/wp-content\/uploads\/2019\/11\/Steel-reinforcement-1024x683.jpg\" class=\"envira-gallery-1306 envira-gallery-link\" rel=\"enviragallery1306\" title=\"KAWAI ND-21\" data-envira-caption=\"KAWAI ND-21\" data-envira-retina=\"\" data-thumbnail=\"\"  itemprop=\"contentUrl\"><img decoding=\"async\" id=\"envira-gallery-image-1317\" class=\"envira-gallery-image envira-gallery-image-7 envira-normal envira-lazy\" data-envira-index=\"7\" src=\"https:\/\/benton.si\/wp-content\/uploads\/2019\/11\/Steel-reinforcement-1024x683-640x480.jpg\" data-envira-src=\"https:\/\/benton.si\/wp-content\/uploads\/2019\/11\/Steel-reinforcement-1024x683-640x480.jpg\" data-envira-gallery-id=\"1306\" data-envira-item-id=\"1317\" data-envira-caption=\"KAWAI ND-21\" alt=\"KAWAI ND-21 jeklena oja\u010ditev\" title=\"KAWAI ND-21\"  itemprop=\"thumbnailUrl\" data-envira-srcset=\"https:\/\/benton.si\/wp-content\/uploads\/2019\/11\/Steel-reinforcement-1024x683-640x480.jpg 400w,https:\/\/benton.si\/wp-content\/uploads\/2019\/11\/Steel-reinforcement-1024x683-640x480.jpg 2x\" data-envira-width=\"300\" data-envira-height=\"200\" srcset=\"data:image\/gif;base64,R0lGODlhAQABAIAAAP\/\/\/\/\/\/\/yH5BAEKAAEALAAAAAABAAEAAAICTAEAOw==\" data-safe-src=\"data:image\/gif;base64,R0lGODlhAQABAIAAAP\/\/\/\/\/\/\/yH5BAEKAAEALAAAAAABAAEAAAICTAEAOw==\" \/><\/a><\/div><\/div><div id=\"envira-gallery-item-1318\" class=\"envira-gallery-item enviratope-item envira-gallery-item-8 envira-lazy-load\" style=\"padding-left: 5px; padding-bottom: 10px; padding-right: 5px;\"  itemscope itemtype=\"https:\/\/schema.org\/ImageObject\"><div class=\"envira-gallery-item-inner\"><div class=\"envira-gallery-position-overlay  envira-gallery-top-left\"><\/div><div class=\"envira-gallery-position-overlay  envira-gallery-top-right\"><\/div><div class=\"envira-gallery-position-overlay  envira-gallery-bottom-left\"><\/div><div class=\"envira-gallery-position-overlay  envira-gallery-bottom-right\"><\/div><a href=\"https:\/\/benton.si\/wp-content\/uploads\/2019\/11\/Ultra-Responsive-Action-1024x683.jpg\" class=\"envira-gallery-1306 envira-gallery-link\" rel=\"enviragallery1306\" title=\"KAWAI ND-21\" data-envira-caption=\"KAWAI ND-21\" data-envira-retina=\"\" data-thumbnail=\"\"  itemprop=\"contentUrl\"><img decoding=\"async\" id=\"envira-gallery-image-1318\" class=\"envira-gallery-image envira-gallery-image-8 envira-normal envira-lazy\" data-envira-index=\"8\" src=\"https:\/\/benton.si\/wp-content\/uploads\/2019\/11\/Ultra-Responsive-Action-1024x683-640x480.jpg\" data-envira-src=\"https:\/\/benton.si\/wp-content\/uploads\/2019\/11\/Ultra-Responsive-Action-1024x683-640x480.jpg\" data-envira-gallery-id=\"1306\" data-envira-item-id=\"1318\" data-envira-caption=\"KAWAI ND-21\" alt=\"KAWAI ND-21 odzivna mehanika\" title=\"KAWAI ND-21\"  itemprop=\"thumbnailUrl\" data-envira-srcset=\"https:\/\/benton.si\/wp-content\/uploads\/2019\/11\/Ultra-Responsive-Action-1024x683-640x480.jpg 400w,https:\/\/benton.si\/wp-content\/uploads\/2019\/11\/Ultra-Responsive-Action-1024x683-640x480.jpg 2x\" data-envira-width=\"300\" data-envira-height=\"200\" srcset=\"data:image\/gif;base64,R0lGODlhAQABAIAAAP\/\/\/\/\/\/\/yH5BAEKAAEALAAAAAABAAEAAAICTAEAOw==\" data-safe-src=\"data:image\/gif;base64,R0lGODlhAQABAIAAAP\/\/\/\/\/\/\/yH5BAEKAAEALAAAAAABAAEAAAICTAEAOw==\" \/><\/a><\/div><\/div><\/div><\/div><noscript><img decoding=\"async\" src=\"https:\/\/benton.si\/wp-content\/uploads\/2019\/11\/ND-21_styling.jpg\" alt=\"KAWAI ND-21 \u010drn\" \/><img decoding=\"async\" src=\"https:\/\/benton.si\/wp-content\/uploads\/2019\/11\/ND-21-right-in-front.jpg\" alt=\"KAWAI ND-21 spredaj\" \/><img decoding=\"async\" src=\"https:\/\/benton.si\/wp-content\/uploads\/2019\/11\/ND21-specifikacije.jpg\" alt=\"KAWAI ND-21 specifikacije\" \/><img decoding=\"async\" src=\"https:\/\/benton.si\/wp-content\/uploads\/2019\/11\/Right-in-front-without-upper-lower-panels.jpg\" alt=\"KAWAI ND-21 notranjost\" \/><img decoding=\"async\" src=\"https:\/\/benton.si\/wp-content\/uploads\/2019\/11\/Silver-pedals.jpg\" alt=\"KAWAI ND-21 srebrna pedala\" \/><img decoding=\"async\" src=\"https:\/\/benton.si\/wp-content\/uploads\/2019\/11\/Soundboard1.jpg\" alt=\"KAWAI ND-21 resona\u010dna plo\u0161\u010da\" \/><img decoding=\"async\" src=\"https:\/\/benton.si\/wp-content\/uploads\/2019\/11\/Steel-reinforcement.jpg\" alt=\"KAWAI ND-21 jeklena oja\u010ditev\" \/><img decoding=\"async\" src=\"https:\/\/benton.si\/wp-content\/uploads\/2019\/11\/Ultra-Responsive-Action.jpg\" alt=\"KAWAI ND-21 odzivna mehanika\" \/><\/noscript>\n","protected":false},"excerpt":{"rendered":"<p>The ND-21 upright piano offers incomparable value with outstanding sound, touch and durability. In addition to the solid spruce soundboard, the ND-21 utilises Kawai\u2019s exclusive Ultra-Responsive Action, combining experienced craftsmanship with our world-renowned piano technology, to provide exceptional touch and tone that will endure.<\/p>\n","protected":false},"featured_media":2393,"template":"","meta":{"inline_featured_image":false},"product_brand":[],"product_cat":[107,106],"product_tag":[],"class_list":{"0":"post-2392","1":"product","2":"type-product","3":"status-publish","4":"has-post-thumbnail","6":"product_cat-kawai-en","7":"product_cat-piano","8":"pa_znamka-uncategorized-sl","9":"post","10":"post-with-thumbnail","11":"post-with-thumbnail-large","13":"first","14":"instock","15":"taxable","16":"shipping-taxable","17":"product-type-simple"},"aioseo_notices":[],"_links":{"self":[{"href":"https:\/\/benton.si\/en\/wp-json\/wp\/v2\/product\/2392","targetHints":{"allow":["GET"]}}],"collection":[{"href":"https:\/\/benton.si\/en\/wp-json\/wp\/v2\/product"}],"about":[{"href":"https:\/\/benton.si\/en\/wp-json\/wp\/v2\/types\/product"}],"wp:featuredmedia":[{"embeddable":true,"href":"https:\/\/benton.si\/en\/wp-json\/wp\/v2\/media\/2393"}],"wp:attachment":[{"href":"https:\/\/benton.si\/en\/wp-json\/wp\/v2\/media?parent=2392"}],"wp:term":[{"taxonomy":"product_brand","embeddable":true,"href":"https:\/\/benton.si\/en\/wp-json\/wp\/v2\/product_brand?post=2392"},{"taxonomy":"product_cat","embeddable":true,"href":"https:\/\/benton.si\/en\/wp-json\/wp\/v2\/product_cat?post=2392"},{"taxonomy":"product_tag","embeddable":true,"href":"https:\/\/benton.si\/en\/wp-json\/wp\/v2\/product_tag?post=2392"}],"curies":[{"name":"wp","href":"https:\/\/api.w.org\/{rel}","templated":true}]}}