{"id":3617,"date":"2019-11-12T13:37:25","date_gmt":"2019-11-12T12:37:25","guid":{"rendered":"https:\/\/www.benton.si\/product\/yamaha-b1\/"},"modified":"2020-01-29T10:57:54","modified_gmt":"2020-01-29T09:57:54","slug":"yamaha-b1","status":"publish","type":"product","link":"https:\/\/benton.si\/en\/product\/yamaha-b1\/","title":{"rendered":"Yamaha B1"},"content":{"rendered":"<div id=\"envira-gallery-wrap-1601\" class=\"envira-gallery-wrap envira-gallery-theme-base envira-lightbox-theme-base\" itemscope itemtype=\"https:\/\/schema.org\/ImageGallery\"><div data-row-height=\"150\" data-gallery-theme=\"normal\" id=\"envira-gallery-1601\" class=\"envira-gallery-public envira-gallery-justified-public envira-gallery-0-columns envira-clear enviratope envira-gallery-css-animations\" data-envira-columns=\"0\"><div id=\"envira-gallery-item-1611\" class=\"envira-gallery-item enviratope-item envira-gallery-item-1 envira-lazy-load\" style=\"padding-left: 5px; padding-bottom: 10px; padding-right: 5px;\"  itemscope itemtype=\"https:\/\/schema.org\/ImageObject\"><div class=\"envira-gallery-item-inner\"><div class=\"envira-gallery-position-overlay  envira-gallery-top-left\"><\/div><div class=\"envira-gallery-position-overlay  envira-gallery-top-right\"><\/div><div class=\"envira-gallery-position-overlay  envira-gallery-bottom-left\"><\/div><div class=\"envira-gallery-position-overlay  envira-gallery-bottom-right\"><\/div><a href=\"https:\/\/benton.si\/wp-content\/uploads\/2019\/11\/39_main_raw-1024x839.jpg\" class=\"envira-gallery-1601 envira-gallery-link\" rel=\"enviragallery1601\" title=\"Yamaha B1\" data-envira-caption=\"Yamaha B1\" data-envira-retina=\"\" data-thumbnail=\"\"  itemprop=\"contentUrl\"><img decoding=\"async\" id=\"envira-gallery-image-1611\" class=\"envira-gallery-image envira-gallery-image-1 envira-normal envira-lazy\" data-envira-index=\"1\" src=\"https:\/\/benton.si\/wp-content\/uploads\/2019\/11\/39_main_raw-1024x839-640x480.jpg\" data-envira-src=\"https:\/\/benton.si\/wp-content\/uploads\/2019\/11\/39_main_raw-1024x839-640x480.jpg\" data-envira-gallery-id=\"1601\" data-envira-item-id=\"1611\" data-envira-caption=\"Yamaha B1\" alt=\"Yamaha B1 \u010drn\" title=\"Yamaha B1\"  itemprop=\"thumbnailUrl\" data-envira-srcset=\"https:\/\/benton.si\/wp-content\/uploads\/2019\/11\/39_main_raw-1024x839-640x480.jpg 400w,https:\/\/benton.si\/wp-content\/uploads\/2019\/11\/39_main_raw-1024x839-640x480.jpg 2x\" data-envira-width=\"300\" data-envira-height=\"246\" srcset=\"data:image\/gif;base64,R0lGODlhAQABAIAAAP\/\/\/\/\/\/\/yH5BAEKAAEALAAAAAABAAEAAAICTAEAOw==\" data-safe-src=\"data:image\/gif;base64,R0lGODlhAQABAIAAAP\/\/\/\/\/\/\/yH5BAEKAAEALAAAAAABAAEAAAICTAEAOw==\" \/><\/a><\/div><\/div><div id=\"envira-gallery-item-1610\" class=\"envira-gallery-item enviratope-item envira-gallery-item-2 envira-lazy-load\" style=\"padding-left: 5px; padding-bottom: 10px; padding-right: 5px;\"  itemscope itemtype=\"https:\/\/schema.org\/ImageObject\"><div class=\"envira-gallery-item-inner\"><div class=\"envira-gallery-position-overlay  envira-gallery-top-left\"><\/div><div class=\"envira-gallery-position-overlay  envira-gallery-top-right\"><\/div><div class=\"envira-gallery-position-overlay  envira-gallery-bottom-left\"><\/div><div class=\"envira-gallery-position-overlay  envira-gallery-bottom-right\"><\/div><a href=\"https:\/\/benton.si\/wp-content\/uploads\/2019\/11\/9_gallery_raw-1024x1024.jpg\" class=\"envira-gallery-1601 envira-gallery-link\" rel=\"enviragallery1601\" title=\"Yamaha B1\" data-envira-caption=\"Yamaha B1\" data-envira-retina=\"\" data-thumbnail=\"\"  itemprop=\"contentUrl\"><img decoding=\"async\" id=\"envira-gallery-image-1610\" class=\"envira-gallery-image envira-gallery-image-2 envira-normal envira-lazy\" data-envira-index=\"2\" src=\"https:\/\/benton.si\/wp-content\/uploads\/2019\/11\/9_gallery_raw-1024x1024-640x480.jpg\" data-envira-src=\"https:\/\/benton.si\/wp-content\/uploads\/2019\/11\/9_gallery_raw-1024x1024-640x480.jpg\" data-envira-gallery-id=\"1601\" data-envira-item-id=\"1610\" data-envira-caption=\"Yamaha B1\" alt=\"Yamaha B1 resonan\u010dna plo\u0161\u010da, hrbet\" title=\"Yamaha B1\"  itemprop=\"thumbnailUrl\" data-envira-srcset=\"https:\/\/benton.si\/wp-content\/uploads\/2019\/11\/9_gallery_raw-1024x1024-640x480.jpg 400w,https:\/\/benton.si\/wp-content\/uploads\/2019\/11\/9_gallery_raw-1024x1024-640x480.jpg 2x\" data-envira-width=\"300\" data-envira-height=\"300\" srcset=\"data:image\/gif;base64,R0lGODlhAQABAIAAAP\/\/\/\/\/\/\/yH5BAEKAAEALAAAAAABAAEAAAICTAEAOw==\" data-safe-src=\"data:image\/gif;base64,R0lGODlhAQABAIAAAP\/\/\/\/\/\/\/yH5BAEKAAEALAAAAAABAAEAAAICTAEAOw==\" \/><\/a><\/div><\/div><div id=\"envira-gallery-item-1604\" class=\"envira-gallery-item enviratope-item envira-gallery-item-3 envira-lazy-load\" style=\"padding-left: 5px; padding-bottom: 10px; padding-right: 5px;\"  itemscope itemtype=\"https:\/\/schema.org\/ImageObject\"><div class=\"envira-gallery-item-inner\"><div class=\"envira-gallery-position-overlay  envira-gallery-top-left\"><\/div><div class=\"envira-gallery-position-overlay  envira-gallery-top-right\"><\/div><div class=\"envira-gallery-position-overlay  envira-gallery-bottom-left\"><\/div><div class=\"envira-gallery-position-overlay  envira-gallery-bottom-right\"><\/div><a href=\"https:\/\/benton.si\/wp-content\/uploads\/2019\/11\/3_gallery_raw-7.jpg\" class=\"envira-gallery-1601 envira-gallery-link\" rel=\"enviragallery1601\" title=\"Yamaha B1\" data-envira-caption=\"Yamaha B1\" data-envira-retina=\"\" data-thumbnail=\"\"  itemprop=\"contentUrl\"><img decoding=\"async\" id=\"envira-gallery-image-1604\" class=\"envira-gallery-image envira-gallery-image-3 envira-normal envira-lazy\" data-envira-index=\"3\" src=\"https:\/\/benton.si\/wp-content\/uploads\/2019\/11\/3_gallery_raw-7-640x480.jpg\" data-envira-src=\"https:\/\/benton.si\/wp-content\/uploads\/2019\/11\/3_gallery_raw-7-640x480.jpg\" data-envira-gallery-id=\"1601\" data-envira-item-id=\"1604\" data-envira-caption=\"Yamaha B1\" alt=\"Yamaha B1 mere\" title=\"Yamaha B1\"  itemprop=\"thumbnailUrl\" data-envira-srcset=\"https:\/\/benton.si\/wp-content\/uploads\/2019\/11\/3_gallery_raw-7-640x480.jpg 400w,https:\/\/benton.si\/wp-content\/uploads\/2019\/11\/3_gallery_raw-7-640x480.jpg 2x\" data-envira-width=\"300\" data-envira-height=\"250\" srcset=\"data:image\/gif;base64,R0lGODlhAQABAIAAAP\/\/\/\/\/\/\/yH5BAEKAAEALAAAAAABAAEAAAICTAEAOw==\" data-safe-src=\"data:image\/gif;base64,R0lGODlhAQABAIAAAP\/\/\/\/\/\/\/yH5BAEKAAEALAAAAAABAAEAAAICTAEAOw==\" \/><\/a><\/div><\/div><div id=\"envira-gallery-item-1602\" class=\"envira-gallery-item enviratope-item envira-gallery-item-4 envira-lazy-load\" style=\"padding-left: 5px; padding-bottom: 10px; padding-right: 5px;\"  itemscope itemtype=\"https:\/\/schema.org\/ImageObject\"><div class=\"envira-gallery-item-inner\"><div class=\"envira-gallery-position-overlay  envira-gallery-top-left\"><\/div><div class=\"envira-gallery-position-overlay  envira-gallery-top-right\"><\/div><div class=\"envira-gallery-position-overlay  envira-gallery-bottom-left\"><\/div><div class=\"envira-gallery-position-overlay  envira-gallery-bottom-right\"><\/div><a href=\"https:\/\/benton.si\/wp-content\/uploads\/2019\/11\/1_gallery_raw-7.jpg\" class=\"envira-gallery-1601 envira-gallery-link\" rel=\"enviragallery1601\" title=\"Yamaha B1\" data-envira-caption=\"Yamaha B1\" data-envira-retina=\"\" data-thumbnail=\"\"  itemprop=\"contentUrl\"><img decoding=\"async\" id=\"envira-gallery-image-1602\" class=\"envira-gallery-image envira-gallery-image-4 envira-normal envira-lazy\" data-envira-index=\"4\" src=\"https:\/\/benton.si\/wp-content\/uploads\/2019\/11\/1_gallery_raw-7-640x480.jpg\" data-envira-src=\"https:\/\/benton.si\/wp-content\/uploads\/2019\/11\/1_gallery_raw-7-640x480.jpg\" data-envira-gallery-id=\"1601\" data-envira-item-id=\"1602\" data-envira-caption=\"Yamaha B1\" alt=\"Yamaha B1 \u010de\u0161nja\" title=\"Yamaha B1\"  itemprop=\"thumbnailUrl\" data-envira-srcset=\"https:\/\/benton.si\/wp-content\/uploads\/2019\/11\/1_gallery_raw-7-640x480.jpg 400w,https:\/\/benton.si\/wp-content\/uploads\/2019\/11\/1_gallery_raw-7-640x480.jpg 2x\" data-envira-width=\"300\" data-envira-height=\"164\" srcset=\"data:image\/gif;base64,R0lGODlhAQABAIAAAP\/\/\/\/\/\/\/yH5BAEKAAEALAAAAAABAAEAAAICTAEAOw==\" data-safe-src=\"data:image\/gif;base64,R0lGODlhAQABAIAAAP\/\/\/\/\/\/\/yH5BAEKAAEALAAAAAABAAEAAAICTAEAOw==\" \/><\/a><\/div><\/div><div id=\"envira-gallery-item-1603\" class=\"envira-gallery-item enviratope-item envira-gallery-item-5 envira-lazy-load\" style=\"padding-left: 5px; padding-bottom: 10px; padding-right: 5px;\"  itemscope itemtype=\"https:\/\/schema.org\/ImageObject\"><div class=\"envira-gallery-item-inner\"><div class=\"envira-gallery-position-overlay  envira-gallery-top-left\"><\/div><div class=\"envira-gallery-position-overlay  envira-gallery-top-right\"><\/div><div class=\"envira-gallery-position-overlay  envira-gallery-bottom-left\"><\/div><div class=\"envira-gallery-position-overlay  envira-gallery-bottom-right\"><\/div><a href=\"https:\/\/benton.si\/wp-content\/uploads\/2019\/11\/2_gallery_raw-6.jpg\" class=\"envira-gallery-1601 envira-gallery-link\" rel=\"enviragallery1601\" title=\"Yamaha B1\" data-envira-caption=\"Yamaha B1\" data-envira-retina=\"\" data-thumbnail=\"\"  itemprop=\"contentUrl\"><img decoding=\"async\" id=\"envira-gallery-image-1603\" class=\"envira-gallery-image envira-gallery-image-5 envira-normal envira-lazy\" data-envira-index=\"5\" src=\"https:\/\/benton.si\/wp-content\/uploads\/2019\/11\/2_gallery_raw-6-640x480.jpg\" data-envira-src=\"https:\/\/benton.si\/wp-content\/uploads\/2019\/11\/2_gallery_raw-6-640x480.jpg\" data-envira-gallery-id=\"1601\" data-envira-item-id=\"1603\" data-envira-caption=\"Yamaha B1\" alt=\"Yamaha B1 bukev\" title=\"Yamaha B1\"  itemprop=\"thumbnailUrl\" data-envira-srcset=\"https:\/\/benton.si\/wp-content\/uploads\/2019\/11\/2_gallery_raw-6-640x480.jpg 400w,https:\/\/benton.si\/wp-content\/uploads\/2019\/11\/2_gallery_raw-6-640x480.jpg 2x\" data-envira-width=\"300\" data-envira-height=\"164\" srcset=\"data:image\/gif;base64,R0lGODlhAQABAIAAAP\/\/\/\/\/\/\/yH5BAEKAAEALAAAAAABAAEAAAICTAEAOw==\" data-safe-src=\"data:image\/gif;base64,R0lGODlhAQABAIAAAP\/\/\/\/\/\/\/yH5BAEKAAEALAAAAAABAAEAAAICTAEAOw==\" \/><\/a><\/div><\/div><div id=\"envira-gallery-item-1605\" class=\"envira-gallery-item enviratope-item envira-gallery-item-6 envira-lazy-load\" style=\"padding-left: 5px; padding-bottom: 10px; padding-right: 5px;\"  itemscope itemtype=\"https:\/\/schema.org\/ImageObject\"><div class=\"envira-gallery-item-inner\"><div class=\"envira-gallery-position-overlay  envira-gallery-top-left\"><\/div><div class=\"envira-gallery-position-overlay  envira-gallery-top-right\"><\/div><div class=\"envira-gallery-position-overlay  envira-gallery-bottom-left\"><\/div><div class=\"envira-gallery-position-overlay  envira-gallery-bottom-right\"><\/div><a href=\"https:\/\/benton.si\/wp-content\/uploads\/2019\/11\/4_gallery_raw-7.jpg\" class=\"envira-gallery-1601 envira-gallery-link\" rel=\"enviragallery1601\" title=\"Yamaha B1\" data-envira-caption=\"Yamaha B1\" data-envira-retina=\"\" data-thumbnail=\"\"  itemprop=\"contentUrl\"><img decoding=\"async\" id=\"envira-gallery-image-1605\" class=\"envira-gallery-image envira-gallery-image-6 envira-normal envira-lazy\" data-envira-index=\"6\" src=\"https:\/\/benton.si\/wp-content\/uploads\/2019\/11\/4_gallery_raw-7-640x480.jpg\" data-envira-src=\"https:\/\/benton.si\/wp-content\/uploads\/2019\/11\/4_gallery_raw-7-640x480.jpg\" data-envira-gallery-id=\"1601\" data-envira-item-id=\"1605\" data-envira-caption=\"Yamaha B1\" alt=\"Yamaha B1 \u010drna\" title=\"Yamaha B1\"  itemprop=\"thumbnailUrl\" data-envira-srcset=\"https:\/\/benton.si\/wp-content\/uploads\/2019\/11\/4_gallery_raw-7-640x480.jpg 400w,https:\/\/benton.si\/wp-content\/uploads\/2019\/11\/4_gallery_raw-7-640x480.jpg 2x\" data-envira-width=\"300\" data-envira-height=\"164\" srcset=\"data:image\/gif;base64,R0lGODlhAQABAIAAAP\/\/\/\/\/\/\/yH5BAEKAAEALAAAAAABAAEAAAICTAEAOw==\" data-safe-src=\"data:image\/gif;base64,R0lGODlhAQABAIAAAP\/\/\/\/\/\/\/yH5BAEKAAEALAAAAAABAAEAAAICTAEAOw==\" \/><\/a><\/div><\/div><div id=\"envira-gallery-item-1606\" class=\"envira-gallery-item enviratope-item envira-gallery-item-7 envira-lazy-load\" style=\"padding-left: 5px; padding-bottom: 10px; padding-right: 5px;\"  itemscope itemtype=\"https:\/\/schema.org\/ImageObject\"><div class=\"envira-gallery-item-inner\"><div class=\"envira-gallery-position-overlay  envira-gallery-top-left\"><\/div><div class=\"envira-gallery-position-overlay  envira-gallery-top-right\"><\/div><div class=\"envira-gallery-position-overlay  envira-gallery-bottom-left\"><\/div><div class=\"envira-gallery-position-overlay  envira-gallery-bottom-right\"><\/div><a href=\"https:\/\/benton.si\/wp-content\/uploads\/2019\/11\/5_gallery_raw-6.jpg\" class=\"envira-gallery-1601 envira-gallery-link\" rel=\"enviragallery1601\" title=\"Yamaha B1\" data-envira-caption=\"Yamaha B1\" data-envira-retina=\"\" data-thumbnail=\"\"  itemprop=\"contentUrl\"><img decoding=\"async\" id=\"envira-gallery-image-1606\" class=\"envira-gallery-image envira-gallery-image-7 envira-normal envira-lazy\" data-envira-index=\"7\" src=\"https:\/\/benton.si\/wp-content\/uploads\/2019\/11\/5_gallery_raw-6-640x480.jpg\" data-envira-src=\"https:\/\/benton.si\/wp-content\/uploads\/2019\/11\/5_gallery_raw-6-640x480.jpg\" data-envira-gallery-id=\"1601\" data-envira-item-id=\"1606\" data-envira-caption=\"Yamaha B1\" alt=\"Yamaha B1 mahagonij\" title=\"Yamaha B1\"  itemprop=\"thumbnailUrl\" data-envira-srcset=\"https:\/\/benton.si\/wp-content\/uploads\/2019\/11\/5_gallery_raw-6-640x480.jpg 400w,https:\/\/benton.si\/wp-content\/uploads\/2019\/11\/5_gallery_raw-6-640x480.jpg 2x\" data-envira-width=\"300\" data-envira-height=\"164\" srcset=\"data:image\/gif;base64,R0lGODlhAQABAIAAAP\/\/\/\/\/\/\/yH5BAEKAAEALAAAAAABAAEAAAICTAEAOw==\" data-safe-src=\"data:image\/gif;base64,R0lGODlhAQABAIAAAP\/\/\/\/\/\/\/yH5BAEKAAEALAAAAAABAAEAAAICTAEAOw==\" \/><\/a><\/div><\/div><div id=\"envira-gallery-item-1607\" class=\"envira-gallery-item enviratope-item envira-gallery-item-8 envira-lazy-load\" style=\"padding-left: 5px; padding-bottom: 10px; padding-right: 5px;\"  itemscope itemtype=\"https:\/\/schema.org\/ImageObject\"><div class=\"envira-gallery-item-inner\"><div class=\"envira-gallery-position-overlay  envira-gallery-top-left\"><\/div><div class=\"envira-gallery-position-overlay  envira-gallery-top-right\"><\/div><div class=\"envira-gallery-position-overlay  envira-gallery-bottom-left\"><\/div><div class=\"envira-gallery-position-overlay  envira-gallery-bottom-right\"><\/div><a href=\"https:\/\/benton.si\/wp-content\/uploads\/2019\/11\/6_gallery_raw-5.jpg\" class=\"envira-gallery-1601 envira-gallery-link\" rel=\"enviragallery1601\" title=\"Yamaha B1\" data-envira-caption=\"Yamaha B1\" data-envira-retina=\"\" data-thumbnail=\"\"  itemprop=\"contentUrl\"><img decoding=\"async\" id=\"envira-gallery-image-1607\" class=\"envira-gallery-image envira-gallery-image-8 envira-normal envira-lazy\" data-envira-index=\"8\" src=\"https:\/\/benton.si\/wp-content\/uploads\/2019\/11\/6_gallery_raw-5-640x480.jpg\" data-envira-src=\"https:\/\/benton.si\/wp-content\/uploads\/2019\/11\/6_gallery_raw-5-640x480.jpg\" data-envira-gallery-id=\"1601\" data-envira-item-id=\"1607\" data-envira-caption=\"Yamaha B1\" alt=\"Yamaha B1 oreh\" title=\"Yamaha B1\"  itemprop=\"thumbnailUrl\" data-envira-srcset=\"https:\/\/benton.si\/wp-content\/uploads\/2019\/11\/6_gallery_raw-5-640x480.jpg 400w,https:\/\/benton.si\/wp-content\/uploads\/2019\/11\/6_gallery_raw-5-640x480.jpg 2x\" data-envira-width=\"300\" data-envira-height=\"164\" srcset=\"data:image\/gif;base64,R0lGODlhAQABAIAAAP\/\/\/\/\/\/\/yH5BAEKAAEALAAAAAABAAEAAAICTAEAOw==\" data-safe-src=\"data:image\/gif;base64,R0lGODlhAQABAIAAAP\/\/\/\/\/\/\/yH5BAEKAAEALAAAAAABAAEAAAICTAEAOw==\" \/><\/a><\/div><\/div><div id=\"envira-gallery-item-1608\" class=\"envira-gallery-item enviratope-item envira-gallery-item-9 envira-lazy-load\" style=\"padding-left: 5px; padding-bottom: 10px; padding-right: 5px;\"  itemscope itemtype=\"https:\/\/schema.org\/ImageObject\"><div class=\"envira-gallery-item-inner\"><div class=\"envira-gallery-position-overlay  envira-gallery-top-left\"><\/div><div class=\"envira-gallery-position-overlay  envira-gallery-top-right\"><\/div><div class=\"envira-gallery-position-overlay  envira-gallery-bottom-left\"><\/div><div class=\"envira-gallery-position-overlay  envira-gallery-bottom-right\"><\/div><a href=\"https:\/\/benton.si\/wp-content\/uploads\/2019\/11\/7_gallery_raw-2.jpg\" class=\"envira-gallery-1601 envira-gallery-link\" rel=\"enviragallery1601\" title=\"Yamaha B1\" data-envira-caption=\"Yamaha B1\" data-envira-retina=\"\" data-thumbnail=\"\"  itemprop=\"contentUrl\"><img decoding=\"async\" id=\"envira-gallery-image-1608\" class=\"envira-gallery-image envira-gallery-image-9 envira-normal envira-lazy\" data-envira-index=\"9\" src=\"https:\/\/benton.si\/wp-content\/uploads\/2019\/11\/7_gallery_raw-2-640x480.jpg\" data-envira-src=\"https:\/\/benton.si\/wp-content\/uploads\/2019\/11\/7_gallery_raw-2-640x480.jpg\" data-envira-gallery-id=\"1601\" data-envira-item-id=\"1608\" data-envira-caption=\"Yamaha B1\" alt=\"Yamaha B1 temen oreh\" title=\"Yamaha B1\"  itemprop=\"thumbnailUrl\" data-envira-srcset=\"https:\/\/benton.si\/wp-content\/uploads\/2019\/11\/7_gallery_raw-2-640x480.jpg 400w,https:\/\/benton.si\/wp-content\/uploads\/2019\/11\/7_gallery_raw-2-640x480.jpg 2x\" data-envira-width=\"300\" data-envira-height=\"164\" srcset=\"data:image\/gif;base64,R0lGODlhAQABAIAAAP\/\/\/\/\/\/\/yH5BAEKAAEALAAAAAABAAEAAAICTAEAOw==\" data-safe-src=\"data:image\/gif;base64,R0lGODlhAQABAIAAAP\/\/\/\/\/\/\/yH5BAEKAAEALAAAAAABAAEAAAICTAEAOw==\" \/><\/a><\/div><\/div><div id=\"envira-gallery-item-1609\" class=\"envira-gallery-item enviratope-item envira-gallery-item-10 envira-lazy-load\" style=\"padding-left: 5px; padding-bottom: 10px; padding-right: 5px;\"  itemscope itemtype=\"https:\/\/schema.org\/ImageObject\"><div class=\"envira-gallery-item-inner\"><div class=\"envira-gallery-position-overlay  envira-gallery-top-left\"><\/div><div class=\"envira-gallery-position-overlay  envira-gallery-top-right\"><\/div><div class=\"envira-gallery-position-overlay  envira-gallery-bottom-left\"><\/div><div class=\"envira-gallery-position-overlay  envira-gallery-bottom-right\"><\/div><a href=\"https:\/\/benton.si\/wp-content\/uploads\/2019\/11\/8_gallery_raw.jpg\" class=\"envira-gallery-1601 envira-gallery-link\" rel=\"enviragallery1601\" title=\"Yamaha B1\" data-envira-caption=\"Yamaha B1\" data-envira-retina=\"\" data-thumbnail=\"\"  itemprop=\"contentUrl\"><img decoding=\"async\" id=\"envira-gallery-image-1609\" class=\"envira-gallery-image envira-gallery-image-10 envira-normal envira-lazy\" data-envira-index=\"10\" src=\"https:\/\/benton.si\/wp-content\/uploads\/2019\/11\/8_gallery_raw-640x480.jpg\" data-envira-src=\"https:\/\/benton.si\/wp-content\/uploads\/2019\/11\/8_gallery_raw-640x480.jpg\" data-envira-gallery-id=\"1601\" data-envira-item-id=\"1609\" data-envira-caption=\"Yamaha B1\" alt=\"Yamaha B1 bela\" title=\"Yamaha B1\"  itemprop=\"thumbnailUrl\" data-envira-srcset=\"https:\/\/benton.si\/wp-content\/uploads\/2019\/11\/8_gallery_raw-640x480.jpg 400w,https:\/\/benton.si\/wp-content\/uploads\/2019\/11\/8_gallery_raw-640x480.jpg 2x\" data-envira-width=\"300\" data-envira-height=\"164\" srcset=\"data:image\/gif;base64,R0lGODlhAQABAIAAAP\/\/\/\/\/\/\/yH5BAEKAAEALAAAAAABAAEAAAICTAEAOw==\" data-safe-src=\"data:image\/gif;base64,R0lGODlhAQABAIAAAP\/\/\/\/\/\/\/yH5BAEKAAEALAAAAAABAAEAAAICTAEAOw==\" \/><\/a><\/div><\/div><\/div><\/div><noscript><img decoding=\"async\" src=\"https:\/\/benton.si\/wp-content\/uploads\/2019\/11\/39_main_raw.jpg\" alt=\"Yamaha B1 \u010drn\" \/><img decoding=\"async\" src=\"https:\/\/benton.si\/wp-content\/uploads\/2019\/11\/9_gallery_raw.jpg\" alt=\"Yamaha B1 resonan\u010dna plo\u0161\u010da, hrbet\" \/><img decoding=\"async\" src=\"https:\/\/benton.si\/wp-content\/uploads\/2019\/11\/3_gallery_raw-7.jpg\" alt=\"Yamaha B1 mere\" \/><img decoding=\"async\" src=\"https:\/\/benton.si\/wp-content\/uploads\/2019\/11\/1_gallery_raw-7.jpg\" alt=\"Yamaha B1 \u010de\u0161nja\" \/><img decoding=\"async\" src=\"https:\/\/benton.si\/wp-content\/uploads\/2019\/11\/2_gallery_raw-6.jpg\" alt=\"Yamaha B1 bukev\" \/><img decoding=\"async\" src=\"https:\/\/benton.si\/wp-content\/uploads\/2019\/11\/4_gallery_raw-7.jpg\" alt=\"Yamaha B1 \u010drna\" \/><img decoding=\"async\" src=\"https:\/\/benton.si\/wp-content\/uploads\/2019\/11\/5_gallery_raw-6.jpg\" alt=\"Yamaha B1 mahagonij\" \/><img decoding=\"async\" src=\"https:\/\/benton.si\/wp-content\/uploads\/2019\/11\/6_gallery_raw-5.jpg\" alt=\"Yamaha B1 oreh\" \/><img decoding=\"async\" src=\"https:\/\/benton.si\/wp-content\/uploads\/2019\/11\/7_gallery_raw-2.jpg\" alt=\"Yamaha B1 temen oreh\" \/><img decoding=\"async\" src=\"https:\/\/benton.si\/wp-content\/uploads\/2019\/11\/8_gallery_raw.jpg\" alt=\"Yamaha B1 bela\" \/><\/noscript>\n","protected":false},"excerpt":{"rendered":"<p>Exemplifying Yamaha\u2019s well-established design principles and 109cm high, the b1 redefines the word value. Undercutting lesser competitors whilst retaining Yamaha standards in every way, b1 offers the joy of new Yamaha piano ownership at a price that will astonish and delight.<\/p>\n","protected":false},"featured_media":3618,"template":"","meta":{"inline_featured_image":false},"product_brand":[],"product_cat":[106,103],"product_tag":[],"class_list":{"0":"post-3617","1":"product","2":"type-product","3":"status-publish","4":"has-post-thumbnail","6":"product_cat-piano","7":"product_cat-yamaha-en","8":"pa_znamka-yamaha","9":"post","10":"post-with-thumbnail","11":"post-with-thumbnail-large","13":"first","14":"instock","15":"taxable","16":"shipping-taxable","17":"product-type-simple"},"aioseo_notices":[],"_links":{"self":[{"href":"https:\/\/benton.si\/en\/wp-json\/wp\/v2\/product\/3617","targetHints":{"allow":["GET"]}}],"collection":[{"href":"https:\/\/benton.si\/en\/wp-json\/wp\/v2\/product"}],"about":[{"href":"https:\/\/benton.si\/en\/wp-json\/wp\/v2\/types\/product"}],"wp:featuredmedia":[{"embeddable":true,"href":"https:\/\/benton.si\/en\/wp-json\/wp\/v2\/media\/3618"}],"wp:attachment":[{"href":"https:\/\/benton.si\/en\/wp-json\/wp\/v2\/media?parent=3617"}],"wp:term":[{"taxonomy":"product_brand","embeddable":true,"href":"https:\/\/benton.si\/en\/wp-json\/wp\/v2\/product_brand?post=3617"},{"taxonomy":"product_cat","embeddable":true,"href":"https:\/\/benton.si\/en\/wp-json\/wp\/v2\/product_cat?post=3617"},{"taxonomy":"product_tag","embeddable":true,"href":"https:\/\/benton.si\/en\/wp-json\/wp\/v2\/product_tag?post=3617"}],"curies":[{"name":"wp","href":"https:\/\/api.w.org\/{rel}","templated":true}]}}