{"id":3666,"date":"2019-11-08T14:20:05","date_gmt":"2019-11-08T13:20:05","guid":{"rendered":"https:\/\/www.benton.si\/product\/bosendorfer-120\/"},"modified":"2019-11-08T14:20:05","modified_gmt":"2019-11-08T13:20:05","slug":"bosendorfer-120","status":"publish","type":"product","link":"https:\/\/benton.si\/en\/product\/bosendorfer-120\/","title":{"rendered":"B\u00f6sendorfer 120"},"content":{"rendered":"<div id=\"envira-gallery-wrap-1327\" class=\"envira-gallery-wrap envira-gallery-theme-base envira-lightbox-theme-base\" itemscope itemtype=\"https:\/\/schema.org\/ImageGallery\"><div data-row-height=\"150\" data-gallery-theme=\"normal\" id=\"envira-gallery-1327\" class=\"envira-gallery-public envira-gallery-justified-public envira-gallery-0-columns envira-clear enviratope envira-gallery-css-animations\" data-envira-columns=\"0\"><div id=\"envira-gallery-item-1329\" class=\"envira-gallery-item enviratope-item envira-gallery-item-1 envira-lazy-load\" style=\"padding-left: 5px; padding-bottom: 10px; padding-right: 5px;\"  itemscope itemtype=\"https:\/\/schema.org\/ImageObject\"><div class=\"envira-gallery-item-inner\"><div class=\"envira-gallery-position-overlay  envira-gallery-top-left\"><\/div><div class=\"envira-gallery-position-overlay  envira-gallery-top-right\"><\/div><div class=\"envira-gallery-position-overlay  envira-gallery-bottom-left\"><\/div><div class=\"envira-gallery-position-overlay  envira-gallery-bottom-right\"><\/div><a href=\"https:\/\/benton.si\/wp-content\/uploads\/2019\/11\/B\u00f6sendorfer-120-1024x427.jpg\" class=\"envira-gallery-1327 envira-gallery-link\" rel=\"enviragallery1327\" title=\"B&ouml;sendorfer 120\" data-envira-caption=\"B&ouml;sendorfer 120\" data-envira-retina=\"\" data-thumbnail=\"\"  itemprop=\"contentUrl\"><img decoding=\"async\" id=\"envira-gallery-image-1329\" class=\"envira-gallery-image envira-gallery-image-1 envira-normal envira-lazy\" data-envira-index=\"1\" src=\"https:\/\/benton.si\/wp-content\/uploads\/2019\/11\/B\u00f6sendorfer-120-1024x427-640x480.jpg\" data-envira-src=\"https:\/\/benton.si\/wp-content\/uploads\/2019\/11\/B\u00f6sendorfer-120-1024x427-640x480.jpg\" data-envira-gallery-id=\"1327\" data-envira-item-id=\"1329\" data-envira-caption=\"B&ouml;sendorfer 120\" alt=\"B\u00f6sendorfer 120 notranjost\" title=\"B\u00f6sendorfer 120\"  itemprop=\"thumbnailUrl\" data-envira-srcset=\"https:\/\/benton.si\/wp-content\/uploads\/2019\/11\/B\u00f6sendorfer-120-1024x427-640x480.jpg 400w,https:\/\/benton.si\/wp-content\/uploads\/2019\/11\/B\u00f6sendorfer-120-1024x427-640x480.jpg 2x\" data-envira-width=\"300\" data-envira-height=\"125\" srcset=\"data:image\/gif;base64,R0lGODlhAQABAIAAAP\/\/\/\/\/\/\/yH5BAEKAAEALAAAAAABAAEAAAICTAEAOw==\" data-safe-src=\"data:image\/gif;base64,R0lGODlhAQABAIAAAP\/\/\/\/\/\/\/yH5BAEKAAEALAAAAAABAAEAAAICTAEAOw==\" \/><\/a><\/div><\/div><div id=\"envira-gallery-item-1328\" class=\"envira-gallery-item enviratope-item envira-gallery-item-2 envira-lazy-load\" style=\"padding-left: 5px; padding-bottom: 10px; padding-right: 5px;\"  itemscope itemtype=\"https:\/\/schema.org\/ImageObject\"><div class=\"envira-gallery-item-inner\"><div class=\"envira-gallery-position-overlay  envira-gallery-top-left\"><\/div><div class=\"envira-gallery-position-overlay  envira-gallery-top-right\"><\/div><div class=\"envira-gallery-position-overlay  envira-gallery-bottom-left\"><\/div><div class=\"envira-gallery-position-overlay  envira-gallery-bottom-right\"><\/div><a href=\"https:\/\/benton.si\/wp-content\/uploads\/2019\/11\/120.png\" class=\"envira-gallery-1327 envira-gallery-link\" rel=\"enviragallery1327\" title=\"B&ouml;sendorfer 120\" data-envira-caption=\"B&ouml;sendorfer 120\" data-envira-retina=\"\" data-thumbnail=\"\"  itemprop=\"contentUrl\"><img decoding=\"async\" id=\"envira-gallery-image-1328\" class=\"envira-gallery-image envira-gallery-image-2 envira-normal envira-lazy\" data-envira-index=\"2\" src=\"https:\/\/benton.si\/wp-content\/uploads\/2019\/11\/120-640x480.png\" data-envira-src=\"https:\/\/benton.si\/wp-content\/uploads\/2019\/11\/120-640x480.png\" data-envira-gallery-id=\"1327\" data-envira-item-id=\"1328\" data-envira-caption=\"B&ouml;sendorfer 120\" alt=\"B\u00f6sendorfer 120 mere\" title=\"B\u00f6sendorfer 120\"  itemprop=\"thumbnailUrl\" data-envira-srcset=\"https:\/\/benton.si\/wp-content\/uploads\/2019\/11\/120-640x480.png 400w,https:\/\/benton.si\/wp-content\/uploads\/2019\/11\/120-640x480.png 2x\" data-envira-width=\"300\" data-envira-height=\"242\" srcset=\"data:image\/gif;base64,R0lGODlhAQABAIAAAP\/\/\/\/\/\/\/yH5BAEKAAEALAAAAAABAAEAAAICTAEAOw==\" data-safe-src=\"data:image\/gif;base64,R0lGODlhAQABAIAAAP\/\/\/\/\/\/\/yH5BAEKAAEALAAAAAABAAEAAAICTAEAOw==\" \/><\/a><\/div><\/div><\/div><\/div><noscript><img decoding=\"async\" src=\"https:\/\/benton.si\/wp-content\/uploads\/2019\/11\/B\u00f6sendorfer-120.jpg\" alt=\"B\u00f6sendorfer 120 notranjost\" \/><img decoding=\"async\" src=\"https:\/\/benton.si\/wp-content\/uploads\/2019\/11\/120.png\" alt=\"B\u00f6sendorfer 120 mere\" \/><\/noscript>\n","protected":false},"excerpt":{"rendered":"<p> B\u00f6sendorfer has been not only setting new standards in building grand pianos but has transferred experience, tradition and know-how of decades of sophisticated craftsmanship to upright pianos. The B\u00f6sendorfer Grand Upright 120 fits every room and unleashes voluminous B\u00f6sendorfer tones. Removing any obstacle to artistic expression and articulation B\u00f6sendorfer has designed an action with longer keys to optimise handling and touch. Optionally, this Grand Upright can be equipped with the B\u00f6sendorfer Sound Release System providing two additional sound slots at the front panel.<\/p>\n<p>Unique dimensions, unique sound: the B\u00f6sendorfer Grand Upright 120.<\/p>\n","protected":false},"featured_media":3024,"template":"","meta":{"inline_featured_image":false},"product_brand":[],"product_cat":[96,106],"product_tag":[],"class_list":{"0":"post-3666","1":"product","2":"type-product","3":"status-publish","4":"has-post-thumbnail","6":"product_cat-bosendorfer-en","7":"product_cat-piano","8":"pa_znamka-uncategorized-sl-en-2","9":"post","10":"post-with-thumbnail","11":"post-with-thumbnail-large","13":"first","14":"instock","15":"taxable","16":"shipping-taxable","17":"product-type-simple"},"aioseo_notices":[],"_links":{"self":[{"href":"https:\/\/benton.si\/en\/wp-json\/wp\/v2\/product\/3666","targetHints":{"allow":["GET"]}}],"collection":[{"href":"https:\/\/benton.si\/en\/wp-json\/wp\/v2\/product"}],"about":[{"href":"https:\/\/benton.si\/en\/wp-json\/wp\/v2\/types\/product"}],"wp:featuredmedia":[{"embeddable":true,"href":"https:\/\/benton.si\/en\/wp-json\/wp\/v2\/media\/3024"}],"wp:attachment":[{"href":"https:\/\/benton.si\/en\/wp-json\/wp\/v2\/media?parent=3666"}],"wp:term":[{"taxonomy":"product_brand","embeddable":true,"href":"https:\/\/benton.si\/en\/wp-json\/wp\/v2\/product_brand?post=3666"},{"taxonomy":"product_cat","embeddable":true,"href":"https:\/\/benton.si\/en\/wp-json\/wp\/v2\/product_cat?post=3666"},{"taxonomy":"product_tag","embeddable":true,"href":"https:\/\/benton.si\/en\/wp-json\/wp\/v2\/product_tag?post=3666"}],"curies":[{"name":"wp","href":"https:\/\/api.w.org\/{rel}","templated":true}]}}