{"id":4273,"date":"2020-02-14T15:41:51","date_gmt":"2020-02-14T14:41:51","guid":{"rendered":"https:\/\/www.benton.si\/product\/yamaha-u1-ta2\/"},"modified":"2020-02-26T14:33:04","modified_gmt":"2020-02-26T13:33:04","slug":"yamaha-u1-ta2","status":"publish","type":"product","link":"https:\/\/benton.si\/en\/product\/yamaha-u1-ta2\/","title":{"rendered":"Piano Yamaha U1 TA2"},"content":{"rendered":"","protected":false},"excerpt":{"rendered":"<p>Yamaha U1 je najljub\u0161a med zahtevnimi pianisti, ponuja izjemno glasbeno predstavo, dolo\u010da standarde, po katerih se merijo \u0161tevilni drugi pokon\u010dni klavirji. Mo\u017enost tudi Silent opcije. Modelu U1 je bila dodana funkciji TransAcoustic \u2122 tipa TA2.<\/p>\n","protected":false},"featured_media":4275,"template":"","meta":{"inline_featured_image":false},"product_brand":[],"product_cat":[109],"product_tag":[],"class_list":{"0":"post-4273","1":"product","2":"type-product","3":"status-publish","4":"has-post-thumbnail","6":"product_cat-hybrid","7":"pa_znamka-uncategorized-sl-en-4","8":"post","9":"post-with-thumbnail","10":"post-with-thumbnail-large","12":"first","13":"instock","14":"taxable","15":"shipping-taxable","16":"product-type-simple"},"aioseo_notices":[],"_links":{"self":[{"href":"https:\/\/benton.si\/en\/wp-json\/wp\/v2\/product\/4273","targetHints":{"allow":["GET"]}}],"collection":[{"href":"https:\/\/benton.si\/en\/wp-json\/wp\/v2\/product"}],"about":[{"href":"https:\/\/benton.si\/en\/wp-json\/wp\/v2\/types\/product"}],"wp:featuredmedia":[{"embeddable":true,"href":"https:\/\/benton.si\/en\/wp-json\/wp\/v2\/media\/4275"}],"wp:attachment":[{"href":"https:\/\/benton.si\/en\/wp-json\/wp\/v2\/media?parent=4273"}],"wp:term":[{"taxonomy":"product_brand","embeddable":true,"href":"https:\/\/benton.si\/en\/wp-json\/wp\/v2\/product_brand?post=4273"},{"taxonomy":"product_cat","embeddable":true,"href":"https:\/\/benton.si\/en\/wp-json\/wp\/v2\/product_cat?post=4273"},{"taxonomy":"product_tag","embeddable":true,"href":"https:\/\/benton.si\/en\/wp-json\/wp\/v2\/product_tag?post=4273"}],"curies":[{"name":"wp","href":"https:\/\/api.w.org\/{rel}","templated":true}]}}